{"id":9806,"date":"2020-12-09T19:00:47","date_gmt":"2020-12-09T19:00:47","guid":{"rendered":"https:\/\/teamstone.eu\/loja\/?post_type=product&#038;p=9806"},"modified":"2024-12-20T10:47:57","modified_gmt":"2024-12-20T10:47:57","slug":"toalhas-banho-eco-nature-ondas-creme-linho-ondas-made-in-portugal-by-teamstone","status":"publish","type":"product","link":"https:\/\/teamstone.pt\/loja\/product\/toalhas-banho-eco-nature-ondas-creme-linho-ondas-made-in-portugal-by-teamstone\/","title":{"rendered":"Toalhas de banho  ECO NATURE Ondas, Creme, Linho, Verde"},"content":{"rendered":"<p>[vc_row content_placement=&#8221;top&#8221;][vc_column][vc_column_text]<\/p>\n<p style=\"text-align: left;\">As nossas toalhas Eco Nature\u00a0 s\u00e3o produzidas com\u00a0 fibras sustent\u00e1veis e recicladas -50% de algod\u00e3o org\u00e2nico \/ 50% algod\u00e3o reciclado- e com processos com menor impacto no meio ambiente.<\/p>\n<p style=\"text-align: left;\">As mat\u00e9rias primas prov\u00e9m de fontes mais sustent\u00e1veis. O algod\u00e3o \u00e9 reciclado ou produzido usando menos \u00e1gua, menos fertilizantes qu\u00edmicos e pesticidas.<\/p>\n<p style=\"text-align: left;\">O processo de upcycling n\u00e3o usa \u00e1gua, nem produtos qu\u00edmicos t\u00f3xicos como pesticidas, fertilizantes e at\u00e9 mesmo corantes. Todo o processo de colora\u00e7\u00e3o vem das cores que as fibras j\u00e1 possuem e misturando-as com outras do mesmo material e cor.<\/p>\n<p style=\"text-align: left;\">As toalhas de banho Eco Nature tem uma secagem r\u00e1pida e eficaz ap\u00f3s o banho, com uma gramagem superior que confere um enorme conforto e garante durabilidade.<\/p>\n<p style=\"text-align: left;\">Recomendamos lavar antes de usar. As toalhas adquirem a sua capacidade de absor\u00e7\u00e3o total ap\u00f3s a primeira lavagem.<\/p>\n<p style=\"text-align: left;\"><img loading=\"lazy\" class=\"size-full wp-image-13366 alignleft\" src=\"http:\/\/teamstone.eu\/loja\/wp-content\/uploads\/2020\/12\/ETIQUETA-ORGANIC-CO-REC-CO.png\" alt=\"\" width=\"327\" height=\"63\" srcset=\"https:\/\/teamstone.pt\/loja\/wp-content\/uploads\/2020\/12\/ETIQUETA-ORGANIC-CO-REC-CO.png 327w, https:\/\/teamstone.pt\/loja\/wp-content\/uploads\/2020\/12\/ETIQUETA-ORGANIC-CO-REC-CO-300x58.png 300w, https:\/\/teamstone.pt\/loja\/wp-content\/uploads\/2020\/12\/ETIQUETA-ORGANIC-CO-REC-CO-100x19.png 100w\" sizes=\"(max-width: 327px) 100vw, 327px\" \/><\/p>\n<p>&nbsp;<\/p>\n<p>&nbsp;<\/p>\n<p style=\"text-align: left;\">Garantia de controle de qualidade.<br \/>\nFabricado em Portugal<br \/>\nMade in Portugal<\/p>\n<p>[\/vc_column_text][vc_column_text]<\/p>\n<h5 style=\"text-align: center;\"><span style=\"color: #ff6600;\">No caso de este produto estar ESGOTADO, contacte-nos atrav\u00e9s do email <a style=\"color: #ff6600;\" href=\"mailto:info@teamstone.eu\"><span style=\"color: #003366;\">info@teamstone.eu<\/span><\/a><\/span><\/h5>\n<p>[\/vc_column_text][vc_column_text]<\/p>\n<h6><img loading=\"lazy\" class=\"alignnone wp-image-2914 size-full\" src=\"https:\/\/teamstone.eu\/loja\/wp-content\/uploads\/2017\/06\/reciclavel.png\" alt=\"\" width=\"50\" height=\"47\" \/><strong>Artigo recicl\u00e1vel; em final de \u201cvida\u201d pode ser colocado num ponto de recolha<\/strong>.<\/h6>\n<p>[\/vc_column_text][\/vc_column][\/vc_row][vc_row el_id=&#8221;tamanhos&#8221;][vc_column][vc_empty_space height=&#8221;60px&#8221;][vc_tta_accordion style=&#8221;modern&#8221; active_section=&#8221;non-existing number&#8221; collapsible_all=&#8221;true&#8221;][vc_tta_section tab_id=&#8221;1524225399024-c7e87548-dfdd&#8221; title=&#8221;DETALHES&#8221;][vc_column_text]<\/p>\n<div class=\"guide\">\n<div class=\"intro\" style=\"text-align: left;\">50% Algod\u00e3o Org\u00e2nico \/ 50% Algod\u00e3o Reciclado<\/div>\n<div class=\"guide\">\n<p style=\"text-align: left;\">Toalha de banho: 70x140cm<\/p>\n<p style=\"text-align: left;\">CUIDADOS<br \/>\nLavar a 30\u00b0C<br \/>\nN\u00e3o usar lix\u00edvia<\/p>\n<p style=\"text-align: left;\">Produtos sujeito a pequenas varia\u00e7\u00f5es de tamanho.<\/p>\n<\/div>\n<\/div>\n<div class=\"intro\"><\/div>\n<div class=\"guide\">\n<p>&nbsp;<\/p>\n<p>&nbsp;<\/p>\n<\/div>\n<p>[\/vc_column_text][\/vc_tta_section][\/vc_tta_accordion][\/vc_column][\/vc_row][vc_row][vc_column][\/vc_column][\/vc_row]<\/p>\n","protected":false},"excerpt":{"rendered":"<p><strong>As nossas toalhas s\u00e3o produzidas com fibras sustent\u00e1veis e recicladas -50% de algod\u00e3o org\u00e2nico \/ 50% algod\u00e3o reciclado &#8211; e com processos com menor impacto no meio ambiente.\u00a0 As mat\u00e9rias primas prov\u00e9m de fontes mais sustent\u00e1veis. O algod\u00e3o \u00e9 reciclado ou produzido usando menos \u00e1gua, menos fertilizantes qu\u00edmicos e pesticidas. Estas toalhas de banho tem uma secagem r\u00e1pida e eficaz ap\u00f3s o banho, com uma gramagem superior que confere um enorme conforto e garante durabilidade.<\/strong><\/p>\n<p><strong>Made in Portugal<\/strong><\/p>\n<h6><\/h6>\n","protected":false},"featured_media":9814,"comment_status":"open","ping_status":"closed","template":"","meta":[],"_links":{"self":[{"href":"https:\/\/teamstone.pt\/loja\/wp-json\/wp\/v2\/product\/9806"}],"collection":[{"href":"https:\/\/teamstone.pt\/loja\/wp-json\/wp\/v2\/product"}],"about":[{"href":"https:\/\/teamstone.pt\/loja\/wp-json\/wp\/v2\/types\/product"}],"replies":[{"embeddable":true,"href":"https:\/\/teamstone.pt\/loja\/wp-json\/wp\/v2\/comments?post=9806"}],"wp:featuredmedia":[{"embeddable":true,"href":"https:\/\/teamstone.pt\/loja\/wp-json\/wp\/v2\/media\/9814"}],"wp:attachment":[{"href":"https:\/\/teamstone.pt\/loja\/wp-json\/wp\/v2\/media?parent=9806"}],"curies":[{"name":"wp","href":"https:\/\/api.w.org\/{rel}","templated":true}]}}