{"id":9204,"date":"2020-09-07T18:20:19","date_gmt":"2020-09-07T18:20:19","guid":{"rendered":"https:\/\/teamstone.eu\/loja\/?post_type=product&#038;p=9204"},"modified":"2025-06-20T15:52:32","modified_gmt":"2025-06-20T15:52:32","slug":"lencois-de-banho-de-spa-branco-otico-made-in-portugal-by-teamstone","status":"publish","type":"product","link":"https:\/\/teamstone.pt\/loja\/product\/lencois-de-banho-de-spa-branco-otico-made-in-portugal-by-teamstone\/","title":{"rendered":"Len\u00e7\u00f3is de Banho \/ SPA, Branco \u00d3tico"},"content":{"rendered":"<p>[vc_row content_placement=&#8221;top&#8221;][vc_column][vc_column_text]<\/p>\n<p style=\"text-align: left;\">Len\u00e7\u00f3is de Banho\/SPA toque suave e absorvente d\u00e3o o conforto e envolv\u00eancia requintada ap\u00f3s v\u00e1rias lavagens. Em 100% algod\u00e3o penteado, e gramagem de qualidade Premium 650 gramas.<br \/>\nAs toalhas adquirem maior capacidade de absor\u00e7\u00e3o ap\u00f3s a primeira lavagem.<\/p>\n<p style=\"text-align: left;\">Bainhas de 2 agulhas refor\u00e7am o acabamento e maior resist\u00eancia \u00e1s lavagens.<br \/>\nGarantia de controle de qualidade.<br \/>\nFabricado em Portugal<br \/>\nMade in Portugal<\/p>\n<p>[\/vc_column_text][vc_column_text]<\/p>\n<h5 style=\"text-align: center;\"><span style=\"color: #ff6600;\">No caso de este produto estar ESGOTADO, contacte-nos atrav\u00e9s do email <a style=\"color: #ff6600;\" href=\"mailto:info@teamstone.eu\"><span style=\"color: #003366;\">info@teamstone.eu<\/span><\/a><\/span><\/h5>\n<p>[\/vc_column_text][vc_column_text]<\/p>\n<h6><img loading=\"lazy\" class=\"alignnone wp-image-2914 size-full\" src=\"https:\/\/teamstone.eu\/loja\/wp-content\/uploads\/2017\/06\/reciclavel.png\" alt=\"\" width=\"50\" height=\"47\" \/><strong>Artigo recicl\u00e1vel; em final de \u201cvida\u201d pode ser colocado num ponto de recolha<\/strong>.<\/h6>\n<p>[\/vc_column_text][\/vc_column][\/vc_row][vc_row el_id=&#8221;tamanhos&#8221;][vc_column][vc_empty_space height=&#8221;60px&#8221;][vc_tta_accordion style=&#8221;modern&#8221; active_section=&#8221;non-existing number&#8221; collapsible_all=&#8221;true&#8221;][vc_tta_section tab_id=&#8221;1524225399024-c7e87548-dfdd&#8221; title=&#8221;DETALHES&#8221;][vc_column_text]<\/p>\n<div class=\"guide\">\n<div class=\"guide\" style=\"text-align: left;\">\n<p>100% Algod\u00e3o Super Soft 650 gr\/m2<br \/>\nToalha de SPA: 100 x 180 cm<\/p>\n<p>CUIDADOS<br \/>\nLavar at\u00e9 40\u00b0C<br \/>\nSecar na m\u00e1quina usando o programa normal<\/p>\n<\/div>\n<\/div>\n<div class=\"intro\" style=\"text-align: left;\"><\/div>\n<div class=\"guide\">\n<p>&nbsp;<\/p>\n<p>&nbsp;<\/p>\n<\/div>\n<p>[\/vc_column_text][\/vc_tta_section][\/vc_tta_accordion][\/vc_column][\/vc_row][vc_row][vc_column][\/vc_column][\/vc_row]<\/p>\n","protected":false},"excerpt":{"rendered":"<p><b>\u00a0Len\u00e7\u00f3is de Banho\/SPA toque suave e absorvente d\u00e3o o conforto e envolv\u00eancia requintada ap\u00f3s v\u00e1rias lavagens. Em 100% algod\u00e3o penteado, e gramagem de qualidade Premium 650 gramas.<\/b><\/p>\n<p><strong>Made in Portugal<\/strong><\/p>\n<h6><\/h6>\n","protected":false},"featured_media":9214,"comment_status":"open","ping_status":"closed","template":"","meta":[],"_links":{"self":[{"href":"https:\/\/teamstone.pt\/loja\/wp-json\/wp\/v2\/product\/9204"}],"collection":[{"href":"https:\/\/teamstone.pt\/loja\/wp-json\/wp\/v2\/product"}],"about":[{"href":"https:\/\/teamstone.pt\/loja\/wp-json\/wp\/v2\/types\/product"}],"replies":[{"embeddable":true,"href":"https:\/\/teamstone.pt\/loja\/wp-json\/wp\/v2\/comments?post=9204"}],"wp:featuredmedia":[{"embeddable":true,"href":"https:\/\/teamstone.pt\/loja\/wp-json\/wp\/v2\/media\/9214"}],"wp:attachment":[{"href":"https:\/\/teamstone.pt\/loja\/wp-json\/wp\/v2\/media?parent=9204"}],"curies":[{"name":"wp","href":"https:\/\/api.w.org\/{rel}","templated":true}]}}