{"id":7609,"date":"2019-05-08T11:00:12","date_gmt":"2019-05-08T11:00:12","guid":{"rendered":"https:\/\/teamstone.eu\/loja\/?post_type=product&#038;p=7609"},"modified":"2025-04-29T10:39:31","modified_gmt":"2025-04-29T10:39:31","slug":"tapete-de-banho-padrao-geometrico-cinza-granito-made-in-portugal-by-teamstone","status":"publish","type":"product","link":"https:\/\/teamstone.pt\/loja\/product\/tapete-de-banho-padrao-geometrico-cinza-granito-made-in-portugal-by-teamstone\/","title":{"rendered":"Tapete de banho padr\u00e3o geom\u00e9trico, Cinza Granito"},"content":{"rendered":"<p>[vc_row content_placement=&#8221;top&#8221;][vc_column][vc_column_text]<\/p>\n<p style=\"text-align: left;\">Tapete de banho em 100% algod\u00e3o.<br \/>\nUm jogo de textura elegante com as suas formas geom\u00e9tricas trabalhadas em relevo.<br \/>\nPara coordenar com as nossas toalhas de banho nas mesmas cores.<br \/>\nGarantia de controle de qualidade.<br \/>\nFabricado em Portugal<br \/>\nMade in Portugal<\/p>\n<p>[\/vc_column_text][vc_column_text]<\/p>\n<h5 style=\"text-align: center;\"><span style=\"color: #ff6600;\">No caso de este produto estar ESGOTADO, contacte-nos atrav\u00e9s do email <a style=\"color: #ff6600;\" href=\"mailto:info@teamstone.eu\"><span style=\"color: #003366;\">info@teamstone.eu<\/span><\/a><\/span><\/h5>\n<p>[\/vc_column_text][vc_column_text]<\/p>\n<h6><img loading=\"lazy\" class=\"alignnone wp-image-2914 size-full\" src=\"https:\/\/teamstone.eu\/loja\/wp-content\/uploads\/2017\/06\/reciclavel.png\" alt=\"\" width=\"50\" height=\"47\" \/><strong>Artigo recicl\u00e1vel; em final de \u201cvida\u201d pode ser colocado num ponto de recolha<\/strong>.<\/h6>\n<p>[\/vc_column_text][\/vc_column][\/vc_row][vc_row el_id=&#8221;tamanhos&#8221;][vc_column][vc_empty_space height=&#8221;60px&#8221;][vc_tta_accordion style=&#8221;modern&#8221; active_section=&#8221;non-existing number&#8221; collapsible_all=&#8221;true&#8221;][vc_tta_section tab_id=&#8221;1524225399024-c7e87548-dfdd&#8221; title=&#8221;DETALHES&#8221;][vc_column_text]<\/p>\n<div class=\"guide\">\n<div class=\"intro\" style=\"text-align: left;\"><\/div>\n<div class=\"guide\" style=\"text-align: left;\">\n<p style=\"text-align: left;\">100% Algod\u00e3o<br \/>\nMedida: aprox. 60&#215;110 cm<\/p>\n<p style=\"text-align: left;\">CUIDADOS<br \/>\nLavar a 40\u00b0C<br \/>\nSecar na m\u00e1quina usando o programa normal<\/p>\n<p>Produtos sujeitos a pequenas varia\u00e7\u00f5es de tamanho.<\/p>\n<\/div>\n<\/div>\n<div class=\"intro\" style=\"text-align: left;\">O algod\u00e3o org\u00e2nico, \u00e9 obtido atrav\u00e9s de sistemas sustent\u00e1veis, sem a utiliza\u00e7\u00e3o de subst\u00e2ncias t\u00f3xicas prejudiciais aos seres vivos ou ao meio ambiente. As t\u00e9cnicas do cultivo tamb\u00e9m permitem que o solo recupere sua fertilidade e o equil\u00edbrio ambiental.<\/div>\n<div class=\"guide\">\n<p>&nbsp;<\/p>\n<p>&nbsp;<\/p>\n<\/div>\n<p>[\/vc_column_text][\/vc_tta_section][\/vc_tta_accordion][\/vc_column][\/vc_row][vc_row][vc_column][\/vc_column][\/vc_row]<\/p>\n","protected":false},"excerpt":{"rendered":"<p><strong>Tapete de banho em 100% algod\u00e3o.<br \/>\nUm jogo de textura elegante com as suas formas geom\u00e9tricas trabalhadas em relevo.<br \/>\nPara coordenar com com as nossas toalhas de banho nas mesmas cores.<br \/>\nGarantia de controle de qualidade.<\/strong><\/p>\n<p><strong>Made in Portugal<\/strong><\/p>\n<h6><\/h6>\n","protected":false},"featured_media":7611,"comment_status":"open","ping_status":"closed","template":"","meta":[],"_links":{"self":[{"href":"https:\/\/teamstone.pt\/loja\/wp-json\/wp\/v2\/product\/7609"}],"collection":[{"href":"https:\/\/teamstone.pt\/loja\/wp-json\/wp\/v2\/product"}],"about":[{"href":"https:\/\/teamstone.pt\/loja\/wp-json\/wp\/v2\/types\/product"}],"replies":[{"embeddable":true,"href":"https:\/\/teamstone.pt\/loja\/wp-json\/wp\/v2\/comments?post=7609"}],"wp:featuredmedia":[{"embeddable":true,"href":"https:\/\/teamstone.pt\/loja\/wp-json\/wp\/v2\/media\/7611"}],"wp:attachment":[{"href":"https:\/\/teamstone.pt\/loja\/wp-json\/wp\/v2\/media?parent=7609"}],"curies":[{"name":"wp","href":"https:\/\/api.w.org\/{rel}","templated":true}]}}