{"id":7152,"date":"2021-03-23T17:40:15","date_gmt":"2021-03-23T17:40:15","guid":{"rendered":"https:\/\/teamstone.eu\/loja\/?post_type=product&#038;p=7152"},"modified":"2025-04-26T15:44:33","modified_gmt":"2025-04-26T15:44:33","slug":"toalhas-de-banho-pedras-da-calcada-branco-otico-cinza-granito-rosa-persia-made-in-portugal-by-teamstone","status":"publish","type":"product","link":"https:\/\/teamstone.pt\/loja\/product\/toalhas-de-banho-pedras-da-calcada-branco-otico-cinza-granito-rosa-persia-made-in-portugal-by-teamstone\/","title":{"rendered":"Toalhas de banho Pedras da Cal\u00e7ada, Branco \u00d3tico \/ Cinza Granito \/ Rosa P\u00e9rsia"},"content":{"rendered":"<p>[vc_row content_placement=&#8221;top&#8221;][vc_column][vc_column_text]<\/p>\n<p style=\"text-align: left;\">Conjunto de Toalhas e Len\u00e7\u00f3is de Banho num ambiente de Banho ou SPA &#8211; deixe-se conquistar.<br \/>\nAs toalhas de banho com design em jacquard, de dupla face, uma delas em velour s\u00e3o agradavelmente absorventes e proporcionam conforto e suavidade. Em 100% algod\u00e3o virgem. A gramagem de 600 gramas aumenta a absor\u00e7\u00e3o da \u00e1gua e conforto na envolv\u00eancia.<br \/>\nO design destas toalhas permite conjugar com versatilidade por serem de dupla face.<br \/>\nBainhas de 2 agulhas.<br \/>\nGarantia de controle de qualidade.<br \/>\nFabricado em Portugal<br \/>\nMade in Portugal<\/p>\n<p>[\/vc_column_text][vc_column_text]<\/p>\n<h5 style=\"text-align: center;\"><span style=\"color: #ff6600;\">No caso de este produto estar ESGOTADO, contacte-nos atrav\u00e9s do email <a style=\"color: #ff6600;\" href=\"mailto:info@teamstone.eu\"><span style=\"color: #003366;\">info@teamstone.eu<\/span><\/a><\/span><\/h5>\n<p>[\/vc_column_text][vc_column_text]<\/p>\n<h6><img loading=\"lazy\" class=\"alignnone wp-image-2914 size-full\" src=\"https:\/\/teamstone.eu\/loja\/wp-content\/uploads\/2017\/06\/reciclavel.png\" alt=\"\" width=\"50\" height=\"47\" \/><strong>Artigo recicl\u00e1vel; em final de \u201cvida\u201d pode ser colocado num ponto de recolha<\/strong>.<\/h6>\n<p>[\/vc_column_text][\/vc_column][\/vc_row][vc_row el_id=&#8221;tamanhos&#8221;][vc_column][vc_empty_space height=&#8221;60px&#8221;][vc_tta_accordion style=&#8221;modern&#8221; active_section=&#8221;non-existing number&#8221; collapsible_all=&#8221;true&#8221;][vc_tta_section tab_id=&#8221;1524225399024-c7e87548-dfdd&#8221; title=&#8221;DETALHES&#8221;][vc_column_text]<\/p>\n<div class=\"intro\">\n<p style=\"text-align: left;\">100% Algod\u00e3o Penteado 600 gr\/m2<br \/>\nLen\u00e7ol de banho: 100x200cm<br \/>\nToalha de rosto: 50x100cm<br \/>\nToalha toillete: 30x50cm<br \/>\n100% Algod\u00e3o 700 gr\/m2<br \/>\nTapete\/Sa\u00edda de Banho: 50&#215;70 cm<\/p>\n<p style=\"text-align: left;\">Extra absorvente<br \/>\nCUIDADOS<br \/>\nLavar a 40\u00b0C<br \/>\nN\u00e3o usar lix\u00edvia<br \/>\nSecar na m\u00e1quina usando o programa normal<\/p>\n<p style=\"text-align: left;\">ACESS\u00d3RIOS<br \/>\nChinelos em v\u00e1rios tamanhos e v\u00e1rias cores a coordenar<\/p>\n<p style=\"text-align: left;\">Produtos sujeitos a pequenas varia\u00e7\u00f5es de tamanho.<\/p>\n<\/div>\n<div class=\"guide\">\n<p>&nbsp;<\/p>\n<\/div>\n<p>[\/vc_column_text][\/vc_tta_section][\/vc_tta_accordion][\/vc_column][\/vc_row][vc_row][vc_column][\/vc_column][\/vc_row]<\/p>\n","protected":false},"excerpt":{"rendered":"<p><strong>Conjunto de Toalhas e Len\u00e7\u00f3is de Banho num ambiente de Banho ou SPA &#8211; deixe-se conquistar. As toalhas de banho com design em jacquard, de dupla face, uma delas em velour s\u00e3o agradavelmente absorventes e proporcionam conforto e suavidade. Em 100% algod\u00e3o virgem. A gramagem de 600 gramas aumenta a absor\u00e7\u00e3o da \u00e1gua e conforto na envolv\u00eancia.<\/strong><\/p>\n<p><strong>Made in Portugal<\/strong><\/p>\n<h6><\/h6>\n","protected":false},"featured_media":7187,"comment_status":"open","ping_status":"closed","template":"","meta":[],"_links":{"self":[{"href":"https:\/\/teamstone.pt\/loja\/wp-json\/wp\/v2\/product\/7152"}],"collection":[{"href":"https:\/\/teamstone.pt\/loja\/wp-json\/wp\/v2\/product"}],"about":[{"href":"https:\/\/teamstone.pt\/loja\/wp-json\/wp\/v2\/types\/product"}],"replies":[{"embeddable":true,"href":"https:\/\/teamstone.pt\/loja\/wp-json\/wp\/v2\/comments?post=7152"}],"wp:featuredmedia":[{"embeddable":true,"href":"https:\/\/teamstone.pt\/loja\/wp-json\/wp\/v2\/media\/7187"}],"wp:attachment":[{"href":"https:\/\/teamstone.pt\/loja\/wp-json\/wp\/v2\/media?parent=7152"}],"curies":[{"name":"wp","href":"https:\/\/api.w.org\/{rel}","templated":true}]}}