{"id":7130,"date":"2021-03-23T17:35:32","date_gmt":"2021-03-23T17:35:32","guid":{"rendered":"https:\/\/teamstone.eu\/loja\/?post_type=product&#038;p=7130"},"modified":"2025-11-18T21:07:48","modified_gmt":"2025-11-18T21:07:48","slug":"toalhas-de-banho-spa-branco-cinza-azul-made-in-portugal-by-teamstone","status":"publish","type":"product","link":"https:\/\/teamstone.pt\/loja\/product\/toalhas-de-banho-spa-branco-cinza-azul-made-in-portugal-by-teamstone\/","title":{"rendered":"Toalhas de banho Spa, Branco \u00d3tico, Cinza Prateado, Azul Atl\u00e2ntida"},"content":{"rendered":"<p>[vc_row content_placement=&#8221;top&#8221;][vc_column][vc_column_text]<\/p>\n<p style=\"text-align: left;\">O seu design distingue-se pela simplicidade e eleg\u00e2ncia. A qualidade destas toalhas confecionadas com algod\u00e3o penteado com gramagem superior a 600 gr\/m2, proporcionam grande suavidade e uma absor\u00e7\u00e3o superior. Apresenta uma das faces em velour. Decora\u00e7\u00e3o de luxo aliada ao conforto suavidade e envolv\u00eancia.<br \/>\nDescubra todas as cores e encha a sua casa de banho de alegria ao combinar os nossos produtos de maneira f\u00e1cil e r\u00e1pida.<br \/>\n100% Algod\u00e3o penteado 600 gramas excelente qualidade<br \/>\nDescubra como combinar os nossos produtos de maneira f\u00e1cil e r\u00e1pida com esta magn\u00edfica sele\u00e7\u00e3o que lhe mostraremos em seguida. Complete o seu look!<br \/>\nAs toalhas adquirem a sua capacidade de absor\u00e7\u00e3o total ap\u00f3s a primeira lavagem.<br \/>\nConfec\u00e7\u00e3o de bainhas com 2 agulhas<br \/>\nGarantia de controle de qualidade.<br \/>\nFabricado em Portugal<\/p>\n<p>[\/vc_column_text][vc_column_text]<\/p>\n<h5 style=\"text-align: center;\"><span style=\"color: #ff6600;\">No caso de este produto estar ESGOTADO, contacte-nos atrav\u00e9s do email <a style=\"color: #ff6600;\" href=\"mailto:info@teamstone.eu\"><span style=\"color: #003366;\">info@teamstone.eu<\/span><\/a><\/span><\/h5>\n<p>[\/vc_column_text][vc_column_text]<\/p>\n<h6><img loading=\"lazy\" class=\"alignnone wp-image-2914 size-full\" src=\"https:\/\/teamstone.eu\/loja\/wp-content\/uploads\/2017\/06\/reciclavel.png\" alt=\"\" width=\"50\" height=\"47\" \/><strong>Artigo recicl\u00e1vel; em final de \u201cvida\u201d pode ser colocado num ponto de recolha<\/strong>.<\/h6>\n<p>[\/vc_column_text][\/vc_column][\/vc_row][vc_row el_id=&#8221;tamanhos&#8221;][vc_column][vc_empty_space height=&#8221;60px&#8221;][vc_tta_accordion style=&#8221;modern&#8221; active_section=&#8221;non-existing number&#8221; collapsible_all=&#8221;true&#8221;][vc_tta_section tab_id=&#8221;1524225399024-c7e87548-dfdd&#8221; title=&#8221;DETALHES&#8221;][vc_column_text]<\/p>\n<div class=\"intro\">\n<p style=\"text-align: left;\">100% Algod\u00e3o 600 gr\/m2<br \/>\nLen\u00e7ol de banho: 100x200cm<br \/>\nToalha de rosto: 50x100cm<br \/>\nToalha toillete : 30x50cm<\/p>\n<p style=\"text-align: left;\">CUIDADOS<br \/>\nLavar a 40\u00b0C<br \/>\nN\u00e3o usar lix\u00edvia<br \/>\nSecar na m\u00e1quina usando o programa normal<br \/>\nACESS\u00d3RIOS<br \/>\nChinelos de quarto de v\u00e1rias cores a coordenar e v\u00e1rios tamanhos.<\/p>\n<p style=\"text-align: left;\">Produtos sujeito a pequenas varia\u00e7\u00f5es de tamanho.<\/p>\n<\/div>\n<div class=\"guide\">\n<p>&nbsp;<\/p>\n<p>&nbsp;<\/p>\n<\/div>\n<p>[\/vc_column_text][\/vc_tta_section][\/vc_tta_accordion][\/vc_column][\/vc_row][vc_row][vc_column][\/vc_column][\/vc_row]<\/p>\n","protected":false},"excerpt":{"rendered":"<p><strong>O seu design distingue-se pela simplicidade e eleg\u00e2ncia. A qualidade destas toalhas confecionadas com algod\u00e3o penteado com gramagem superior a 600 gr\/m2, proporcionam grande suavidade e uma absor\u00e7\u00e3o superior. Apresenta uma das faces em velour. Decora\u00e7\u00e3o de luxo aliada ao conforto suavidade e envolv\u00eancia.<\/strong><\/p>\n<p><strong>Made in Portugal<\/strong><\/p>\n<h6><\/h6>\n","protected":false},"featured_media":8269,"comment_status":"open","ping_status":"closed","template":"","meta":[],"_links":{"self":[{"href":"https:\/\/teamstone.pt\/loja\/wp-json\/wp\/v2\/product\/7130"}],"collection":[{"href":"https:\/\/teamstone.pt\/loja\/wp-json\/wp\/v2\/product"}],"about":[{"href":"https:\/\/teamstone.pt\/loja\/wp-json\/wp\/v2\/types\/product"}],"replies":[{"embeddable":true,"href":"https:\/\/teamstone.pt\/loja\/wp-json\/wp\/v2\/comments?post=7130"}],"wp:featuredmedia":[{"embeddable":true,"href":"https:\/\/teamstone.pt\/loja\/wp-json\/wp\/v2\/media\/8269"}],"wp:attachment":[{"href":"https:\/\/teamstone.pt\/loja\/wp-json\/wp\/v2\/media?parent=7130"}],"curies":[{"name":"wp","href":"https:\/\/api.w.org\/{rel}","templated":true}]}}