{"id":7064,"date":"2021-03-23T17:45:33","date_gmt":"2021-03-23T17:45:33","guid":{"rendered":"https:\/\/teamstone.eu\/loja\/?post_type=product&#038;p=7064"},"modified":"2025-04-09T17:04:48","modified_gmt":"2025-04-09T17:04:48","slug":"toalhas-banho-geometrico-made-in-portugal-by-teamstone","status":"publish","type":"product","link":"https:\/\/teamstone.pt\/loja\/product\/toalhas-banho-geometrico-made-in-portugal-by-teamstone\/","title":{"rendered":"Toalhas de banho Geom\u00e9trico, Creme \/ Cinza Prateado \/ Azul Atl\u00e2ntida"},"content":{"rendered":"<p>[vc_row content_placement=&#8221;top&#8221;][vc_column][vc_column_text]<\/p>\n<p style=\"text-align: left;\">Decora\u00e7\u00e3o sempre a par com a suavidade e envolv\u00eancia<br \/>\nAs toalhas de banho com uma das faces em velour s\u00e3o agradavelmente absorventes e proporcionam conforto e suavidade. Em 100% algod\u00e3o virgem. A gramagem superior a 550 gramas aumenta a absor\u00e7\u00e3o da \u00e1gua e o conforto na envolv\u00eancia.<br \/>\nAs toalhas adquirem a sua capacidade de absor\u00e7\u00e3o total ap\u00f3s a primeira lavagem.<br \/>\nRealce para a barra em tom contrastante do mesmo desenho de jacquard.<br \/>\nGarantia de controle de qualidade.<br \/>\nFabricado em Portugal<br \/>\nMade in Portugal<\/p>\n<p>[\/vc_column_text][vc_column_text]<\/p>\n<h5 style=\"text-align: center;\"><span style=\"color: #ff6600;\">No caso de este produto estar ESGOTADO, contacte-nos atrav\u00e9s do email <a style=\"color: #ff6600;\" href=\"mailto:info@teamstone.eu\"><span style=\"color: #003366;\">info@teamstone.eu<\/span><\/a><\/span><\/h5>\n<p>[\/vc_column_text][vc_column_text]<\/p>\n<h6><img loading=\"lazy\" class=\"alignnone wp-image-2914 size-full\" src=\"https:\/\/teamstone.eu\/loja\/wp-content\/uploads\/2017\/06\/reciclavel.png\" alt=\"\" width=\"50\" height=\"47\" \/><strong>Artigo recicl\u00e1vel; em final de \u201cvida\u201d pode ser colocado num ponto de recolha<\/strong>.<\/h6>\n<p>[\/vc_column_text][\/vc_column][\/vc_row][vc_row el_id=&#8221;tamanhos&#8221;][vc_column][vc_empty_space height=&#8221;60px&#8221;][vc_tta_accordion style=&#8221;modern&#8221; active_section=&#8221;non-existing number&#8221; collapsible_all=&#8221;true&#8221;][vc_tta_section tab_id=&#8221;1524225399024-c7e87548-dfdd&#8221; title=&#8221;DETALHES&#8221;][vc_column_text]<\/p>\n<div class=\"guide\">\n<div class=\"intro\"><\/div>\n<div class=\"guide\">\n<p style=\"text-align: left;\">100% Algod\u00e3o\u00a0500 gr\u00a0\/m2<br \/>\nLen\u00e7ol de banho: 100x150cm<br \/>\nToalha de rosto: 50x100cm<br \/>\nToalha toilete : 30x50cm<\/p>\n<p style=\"text-align: left;\">CUIDADOS<br \/>\nLavar a 40\u00b0C<br \/>\nN\u00e3o usar lix\u00edvia<br \/>\nSecar na m\u00e1quina usando o programa normal<\/p>\n<p style=\"text-align: left;\">Produto sujeito a pequenas varia\u00e7\u00f5es de tamanho.<\/p>\n<\/div>\n<\/div>\n<div class=\"intro\"><\/div>\n<div class=\"guide\">\n<p>&nbsp;<\/p>\n<p>&nbsp;<\/p>\n<\/div>\n<p>[\/vc_column_text][\/vc_tta_section][\/vc_tta_accordion][\/vc_column][\/vc_row][vc_row][vc_column][\/vc_column][\/vc_row]<\/p>\n","protected":false},"excerpt":{"rendered":"<p><strong>Decora\u00e7\u00e3o sempre a par com a suavidade e envolv\u00eancia. <\/strong><strong>As toalhas de banho com uma das faces em velour s\u00e3o agradavelmente absorventes e proporcionam conforto e suavidade. Em 100% algod\u00e3o virgem. A gramagem superior a 550 gramas aumenta a absor\u00e7\u00e3o da \u00e1gua e o conforto na envolv\u00eancia.<\/strong><\/p>\n<p><strong>Made in Portugal<\/strong><\/p>\n<h6><\/h6>\n","protected":false},"featured_media":14521,"comment_status":"open","ping_status":"closed","template":"","meta":[],"_links":{"self":[{"href":"https:\/\/teamstone.pt\/loja\/wp-json\/wp\/v2\/product\/7064"}],"collection":[{"href":"https:\/\/teamstone.pt\/loja\/wp-json\/wp\/v2\/product"}],"about":[{"href":"https:\/\/teamstone.pt\/loja\/wp-json\/wp\/v2\/types\/product"}],"replies":[{"embeddable":true,"href":"https:\/\/teamstone.pt\/loja\/wp-json\/wp\/v2\/comments?post=7064"}],"wp:featuredmedia":[{"embeddable":true,"href":"https:\/\/teamstone.pt\/loja\/wp-json\/wp\/v2\/media\/14521"}],"wp:attachment":[{"href":"https:\/\/teamstone.pt\/loja\/wp-json\/wp\/v2\/media?parent=7064"}],"curies":[{"name":"wp","href":"https:\/\/api.w.org\/{rel}","templated":true}]}}