{"id":6202,"date":"2020-12-11T14:34:52","date_gmt":"2020-12-11T14:34:52","guid":{"rendered":"https:\/\/teamstone.eu\/loja\/?post_type=product&#038;p=6202"},"modified":"2022-11-18T18:07:00","modified_gmt":"2022-11-18T18:07:00","slug":"pijama-conjunto-calcao-et-shirt-i-love-you-riscas-e-azul-pijama-conjunto-de-calcas-e-sweatshirt-riscas-e-azul","status":"publish","type":"product","link":"https:\/\/teamstone.pt\/loja\/product\/pijama-conjunto-calcao-et-shirt-i-love-you-riscas-e-azul-pijama-conjunto-de-calcas-e-sweatshirt-riscas-e-azul\/","title":{"rendered":"MIX NOVIDADE!! \u2013 compre 2 artigos e fa\u00e7a os conjuntos \u00e1 sua escolha"},"content":{"rendered":"<p>[vc_row][vc_column][vc_column_text]<\/p>\n<p style=\"text-align: left;\">[\/vc_column_text][\/vc_column][\/vc_row][vc_row content_placement=&#8221;top&#8221;][vc_column][vc_column_text]<\/p>\n<p style=\"text-align: left;\">Pijama cal\u00e7as e camisola + Conjunto cal\u00e7\u00e3o e T-Shirt &#8211; homewear perfeito para andar dentro e fora de casa, ou para fazer um &#8220;brunch&#8221; na piscina enquanto apanha sol. Em malha 100% Algod\u00e3o; muita qualidade de acabamentos e toque macio.<br \/>\nNo sof\u00e1 ou no jardim aproveitando uma boa leitura! Modelos desenhados e pensados para proporcionar mobilidade e conforto, sempre elegendo a feminilidade e eleg\u00e2ncia. Pode coordenar os seus conjuntos conforme a sua prefer\u00eancia e ainda com chinelos de quarto \u00e1 cor.<br \/>\nControle de confe\u00e7\u00e3o e qualidade<br \/>\nFabricado em Portugal<br \/>\nMade in Portugal<\/p>\n<p style=\"text-align: left;\">Composi\u00e7\u00e3o &amp; Cuidados:<br \/>\n&#8211; Pijama em malha jersey 100% algod\u00e3o<br \/>\n&#8211; Lavar \u00e0 maquina at\u00e9 40 graus<br \/>\n&#8211; Lavar cores separadamente<br \/>\n&#8211; Lavar e passar a ferro do avesso<br \/>\n&#8211; Passar a ferro com temperatura baixa.<\/p>\n<p>[\/vc_column_text][vc_column_text]<\/p>\n<h5 style=\"text-align: center;\"><span style=\"color: #ff6600;\">No caso de este produto se encontrar ESGOTADO, contacte-nos atrav\u00e9s do email\u00a0<a style=\"color: #ff6600;\" href=\"mailto:info@teamstone.eu\"><span style=\"color: #003366;\">info@teamstone.eu<\/span><\/a><\/span><\/h5>\n<p>[\/vc_column_text][vc_column_text]<\/p>\n<h6><img loading=\"lazy\" class=\"alignnone wp-image-2914 size-full\" src=\"https:\/\/teamstone.eu\/loja\/wp-content\/uploads\/2017\/06\/reciclavel.png\" alt=\"\" width=\"50\" height=\"47\" \/><strong>Artigo recicl\u00e1vel; em final de \u201cvida\u201d pode ser colocado num ponto de recolha<\/strong>.<\/h6>\n<p>[\/vc_column_text][\/vc_column][\/vc_row][vc_row el_id=&#8221;tamanhos&#8221;][vc_column][vc_empty_space height=&#8221;60px&#8221;][vc_tta_accordion style=&#8221;modern&#8221; active_section=&#8221;non-existing number&#8221; collapsible_all=&#8221;true&#8221;][vc_tta_section title=&#8221;CONSULTAR TABELA DE TAMANHOS&#8221; tab_id=&#8221;1524225399024-c7e87548-dfdd&#8221;][vc_column_text]<\/p>\n<div class=\"intro\"><img loading=\"lazy\" class=\"alignnone wp-image-5561 aligncenter\" src=\"https:\/\/teamstone.eu\/loja\/wp-content\/uploads\/2018\/09\/TABELA-DE-MEDIDAS-MODELOS-CLASSICOS-LOJA-3-300x220.png\" alt=\"\" width=\"901\" height=\"660\" srcset=\"https:\/\/teamstone.pt\/loja\/wp-content\/uploads\/2018\/09\/TABELA-DE-MEDIDAS-MODELOS-CLASSICOS-LOJA-3-300x220.png 300w, https:\/\/teamstone.pt\/loja\/wp-content\/uploads\/2018\/09\/TABELA-DE-MEDIDAS-MODELOS-CLASSICOS-LOJA-3-100x73.png 100w, https:\/\/teamstone.pt\/loja\/wp-content\/uploads\/2018\/09\/TABELA-DE-MEDIDAS-MODELOS-CLASSICOS-LOJA-3-768x563.png 768w, https:\/\/teamstone.pt\/loja\/wp-content\/uploads\/2018\/09\/TABELA-DE-MEDIDAS-MODELOS-CLASSICOS-LOJA-3-600x440.png 600w, https:\/\/teamstone.pt\/loja\/wp-content\/uploads\/2018\/09\/TABELA-DE-MEDIDAS-MODELOS-CLASSICOS-LOJA-3-700x513.png 700w, https:\/\/teamstone.pt\/loja\/wp-content\/uploads\/2018\/09\/TABELA-DE-MEDIDAS-MODELOS-CLASSICOS-LOJA-3.png 876w\" sizes=\"(max-width: 901px) 100vw, 901px\" \/><\/div>\n<div class=\"guide\">\n<p>&nbsp;<\/p>\n<p>&nbsp;<\/p>\n<\/div>\n<p>[\/vc_column_text][\/vc_tta_section][\/vc_tta_accordion][\/vc_column][\/vc_row][vc_row][vc_column][\/vc_column][\/vc_row]<\/p>\n","protected":false},"excerpt":{"rendered":"<p><strong>Pijama cal\u00e7as e camisola + Conjunto cal\u00e7\u00e3o e T-Shirt &#8211; homewear perfeito para andar dentro e fora de casa, ou para fazer um &#8220;brunch&#8221; na piscina enquanto apanha sol. <\/strong><strong>Em 100% Algod\u00e3o; muita qualidade de acabamentos e toque macio.<\/strong><\/p>\n<p><strong>Made in Portugal<\/strong><\/p>\n<h5><a href=\"#tamanhos\" rel=\"noopener\"><strong>CONSULTAR TABELA DE TAMANHOS <\/strong><\/a><\/h5>\n","protected":false},"featured_media":6491,"comment_status":"open","ping_status":"closed","template":"","meta":[],"_links":{"self":[{"href":"https:\/\/teamstone.pt\/loja\/wp-json\/wp\/v2\/product\/6202"}],"collection":[{"href":"https:\/\/teamstone.pt\/loja\/wp-json\/wp\/v2\/product"}],"about":[{"href":"https:\/\/teamstone.pt\/loja\/wp-json\/wp\/v2\/types\/product"}],"replies":[{"embeddable":true,"href":"https:\/\/teamstone.pt\/loja\/wp-json\/wp\/v2\/comments?post=6202"}],"wp:featuredmedia":[{"embeddable":true,"href":"https:\/\/teamstone.pt\/loja\/wp-json\/wp\/v2\/media\/6491"}],"wp:attachment":[{"href":"https:\/\/teamstone.pt\/loja\/wp-json\/wp\/v2\/media?parent=6202"}],"curies":[{"name":"wp","href":"https:\/\/api.w.org\/{rel}","templated":true}]}}