{"id":5013,"date":"2025-05-01T15:00:10","date_gmt":"2025-05-01T15:00:10","guid":{"rendered":"https:\/\/teamstone.eu\/loja\/?post_type=product&#038;p=5013"},"modified":"2025-05-27T14:17:44","modified_gmt":"2025-05-27T14:17:44","slug":"robe-bolsos-algodao-cetim-rosa-portugal-made-in-portugal","status":"publish","type":"product","link":"https:\/\/teamstone.pt\/loja\/product\/robe-bolsos-algodao-cetim-rosa-portugal-made-in-portugal\/","title":{"rendered":"Robe com bolsos em algod\u00e3o e cetim, Rosa"},"content":{"rendered":"<p>[vc_row][vc_column][vc_column_text]<\/p>\n<p style=\"text-align: left;\">[\/vc_column_text][\/vc_column][\/vc_row][vc_row content_placement=&#8221;top&#8221;][vc_column][vc_column_text]<\/p>\n<p style=\"text-align: left;\">Este robe de tra\u00e7ar, em malha canelada de algod\u00e3o e licra complementa-se com a camisa da mesma gama.<\/p>\n<p style=\"text-align: left;\">Elaborada confe\u00e7\u00e3o e subtil eleg\u00e2ncia. Cinto em cetim para marcar a silhueta, preso ao robe com presilha.<\/p>\n<p style=\"text-align: left;\">Com 2 bolsos laterais e meia manga larga, e barra em cetim para finalizar.<\/p>\n<p style=\"text-align: left;\">Torna o conjunto perfeito com a camisa ou pijama do mesmo design.<\/p>\n<p style=\"text-align: left;\">Comprimento aprox. 95 cm<\/p>\n<p style=\"text-align: left;\">Dispon\u00edveis em v\u00e1rias cores.<\/p>\n<p style=\"text-align: left;\">Pre\u00e7os acess\u00edveis.<\/p>\n<p style=\"text-align: left;\">Confe\u00e7\u00e3o e controle de qualidade.<\/p>\n<p style=\"text-align: left;\">Fabricado em Portugal<\/p>\n<p style=\"text-align: left;\">Made in Portugal<\/p>\n<p style=\"text-align: left;\">Composi\u00e7\u00e3o &amp; Cuidados:<br \/>\n&#8211; Robe em\u00a0 Algod\u00e3o penteado\/ Licra\/ Cetim<br \/>\n&#8211; Lavar \u00e0 m\u00e1quina a frio<br \/>\n&#8211; Lavar as cores separadamente<br \/>\n&#8211; Lavar e passar a ferro do avesso<br \/>\n&#8211; Passar a ferro com temperatura baixa se necess\u00e1rio.<\/p>\n<p>[\/vc_column_text][vc_column_text]<\/p>\n<h5 style=\"text-align: center;\"><span style=\"color: #ff6600;\">No caso de este produto se encontrar ESGOTADO, contacte-nos atrav\u00e9s do email\u00a0<a style=\"color: #ff6600;\" href=\"mailto:info@teamstone.eu\"><span style=\"color: #003366;\">info@teamstone.eu<\/span><\/a><\/span><\/h5>\n<p>[\/vc_column_text][vc_column_text]<\/p>\n<h6><img loading=\"lazy\" class=\"alignnone wp-image-2914 size-full\" src=\"https:\/\/teamstone.eu\/loja\/wp-content\/uploads\/2017\/06\/reciclavel.png\" alt=\"\" width=\"50\" height=\"47\" \/><strong>Artigo recicl\u00e1vel; em final de \u201cvida\u201d pode ser colocado num ponto de recolha<\/strong>.<\/h6>\n<p>[\/vc_column_text][\/vc_column][\/vc_row][vc_row el_id=&#8221;tamanhos&#8221;][vc_column][vc_empty_space height=&#8221;60px&#8221;][vc_tta_accordion style=&#8221;modern&#8221; active_section=&#8221;non-existing number&#8221; collapsible_all=&#8221;true&#8221;][vc_tta_section title=&#8221;CONSULTAR TABELA DE TAMANHOS&#8221; tab_id=&#8221;1524225399024-c7e87548-dfdd&#8221;][vc_column_text]<\/p>\n<p style=\"text-align: center;\">Medidas deste artigo<\/p>\n<p style=\"text-align: center;\">Todas as medidas s\u00e3o em cent\u00edmetros, com uma margem de 2\/3 cent\u00edmetros.<\/p>\n<div class=\"guide\">\n<p><a href=\"https:\/\/teamstone.eu\/loja\/wp-content\/uploads\/2018\/09\/50773-Portugu\u00eas.jpg\"><img loading=\"lazy\" class=\"size-medium wp-image-3760 aligncenter\" src=\"https:\/\/teamstone.eu\/loja\/wp-content\/uploads\/2018\/09\/50773-Portugu\u00eas-300x72.jpg\" alt=\"\" width=\"300\" height=\"72\" srcset=\"https:\/\/teamstone.pt\/loja\/wp-content\/uploads\/2018\/09\/50773-Portugu\u00eas-300x72.jpg 300w, https:\/\/teamstone.pt\/loja\/wp-content\/uploads\/2018\/09\/50773-Portugu\u00eas-600x144.jpg 600w, https:\/\/teamstone.pt\/loja\/wp-content\/uploads\/2018\/09\/50773-Portugu\u00eas-700x168.jpg 700w, https:\/\/teamstone.pt\/loja\/wp-content\/uploads\/2018\/09\/50773-Portugu\u00eas-100x24.jpg 100w, https:\/\/teamstone.pt\/loja\/wp-content\/uploads\/2018\/09\/50773-Portugu\u00eas-768x185.jpg 768w, https:\/\/teamstone.pt\/loja\/wp-content\/uploads\/2018\/09\/50773-Portugu\u00eas-1024x246.jpg 1024w, https:\/\/teamstone.pt\/loja\/wp-content\/uploads\/2018\/09\/50773-Portugu\u00eas-150x36.jpg 150w, https:\/\/teamstone.pt\/loja\/wp-content\/uploads\/2018\/09\/50773-Portugu\u00eas.jpg 1288w\" sizes=\"(max-width: 300px) 100vw, 300px\" \/><\/a><\/p>\n<p>&nbsp;<\/p>\n<\/div>\n<p>[\/vc_column_text][\/vc_tta_section][\/vc_tta_accordion][\/vc_column][\/vc_row][vc_row][vc_column][\/vc_column][\/vc_row]<\/p>\n","protected":false},"excerpt":{"rendered":"<p style=\"text-align: center;\"><strong>Este robe de tra\u00e7ar, em malha canelada de algod\u00e3o e licra complementa-se com a camisa da mesma gama. Elaborada confe\u00e7\u00e3o e subtil eleg\u00e2ncia. Cinto em cetim para marcar a silhueta, preso ao robe com presilha. Com 2 bolsos laterais e meia manga larga, e barra em cetim para finalizar.<\/strong><\/p>\n<p style=\"text-align: center;\"><strong>Made in Portugal<\/strong><\/p>\n<h5><a href=\"#tamanhos\" rel=\"noopener\"><strong>Consultar Tabela de Tamanhos<\/strong><\/a><\/h5>\n","protected":false},"featured_media":5016,"comment_status":"open","ping_status":"closed","template":"","meta":[],"_links":{"self":[{"href":"https:\/\/teamstone.pt\/loja\/wp-json\/wp\/v2\/product\/5013"}],"collection":[{"href":"https:\/\/teamstone.pt\/loja\/wp-json\/wp\/v2\/product"}],"about":[{"href":"https:\/\/teamstone.pt\/loja\/wp-json\/wp\/v2\/types\/product"}],"replies":[{"embeddable":true,"href":"https:\/\/teamstone.pt\/loja\/wp-json\/wp\/v2\/comments?post=5013"}],"wp:featuredmedia":[{"embeddable":true,"href":"https:\/\/teamstone.pt\/loja\/wp-json\/wp\/v2\/media\/5016"}],"wp:attachment":[{"href":"https:\/\/teamstone.pt\/loja\/wp-json\/wp\/v2\/media?parent=5013"}],"curies":[{"name":"wp","href":"https:\/\/api.w.org\/{rel}","templated":true}]}}