{"id":3420,"date":"2025-03-01T11:30:29","date_gmt":"2025-03-01T11:30:29","guid":{"rendered":"https:\/\/teamstone.eu\/loja\/?post_type=product&#038;p=3420"},"modified":"2025-05-27T09:12:00","modified_gmt":"2025-05-27T09:12:00","slug":"pijama-calcas-compridas-ajustaveis-top-decote-redondo-azul-portugal-made-in-portugal","status":"publish","type":"product","link":"https:\/\/teamstone.pt\/loja\/product\/pijama-calcas-compridas-ajustaveis-top-decote-redondo-azul-portugal-made-in-portugal\/","title":{"rendered":"Pijama cal\u00e7as compridas ajust\u00e1veis e top de decote redondo, Azul"},"content":{"rendered":"<p>[vc_row][vc_column][vc_column_text]<\/p>\n<p style=\"text-align: left;\">[\/vc_column_text][\/vc_column][\/vc_row][vc_row content_placement=&#8221;top&#8221;][vc_column][vc_column_text]<\/p>\n<p style=\"text-align: left;\">Conjunto de 2 pe\u00e7as em algod\u00e3o penteado e licra. Confort\u00e1vel, pratico. Top de silhueta feminina e ajust\u00e1vel. Em malha canelada em algod\u00e3o penteado de alta qualidade. Decote feminino e arredondado, al\u00e7as largas, ambos debruados a cetim, facilmente ajust\u00e1vel ao corpo. Cal\u00e7a comprida tamb\u00e9m em malha algod\u00e3o penteado, com cintura ajust\u00e1vel e cord\u00e3o regul\u00e1vel.<\/p>\n<p style=\"text-align: left;\">Bem-estar, conforto e requinte conjugam este conjunto de duas pe\u00e7as de homewear.<\/p>\n<p style=\"text-align: left;\">Pr\u00e1tico e apresent\u00e1vel para poder tomar o pequeno almo\u00e7o no terra\u00e7o disfrutando das flores no seu jardim ou repousar no seu sof\u00e1.<\/p>\n<p style=\"text-align: left;\">Sugere-se conjunto com Robe da mesma gama.<\/p>\n<p style=\"text-align: left;\">Confe\u00e7\u00e3o e controle de qualidade.<\/p>\n<p style=\"text-align: left;\">Fabricado em Portugal<\/p>\n<p style=\"text-align: left;\">Made in Portugal<\/p>\n<p style=\"text-align: left;\">Composi\u00e7\u00e3o &amp; Cuidados:<br \/>\n&#8211; Mat\u00e9ria: Algod\u00e3o penteado e\u00a0 Licra<br \/>\n&#8211; Lavar \u00e0 m\u00e1quina a frio<br \/>\n&#8211;\u00a0Lavar as cores separadamente<br \/>\n&#8211; Lavar e passar a ferro do avesso<br \/>\n&#8211; Passar a ferro com temperatura baixa se necess\u00e1rio.<\/p>\n<p>[\/vc_column_text][vc_column_text]<\/p>\n<h5 style=\"text-align: center;\"><span style=\"color: #ff6600;\">No caso de este produto se encontrar ESGOTADO, contacte-nos atrav\u00e9s do email\u00a0<a style=\"color: #ff6600;\" href=\"mailto:info@teamstone.eu\"><span style=\"color: #003366;\">info@teamstone.eu<\/span><\/a><\/span><\/h5>\n<p>[\/vc_column_text][vc_column_text]<\/p>\n<h6><img loading=\"lazy\" class=\"alignnone wp-image-2914 size-full\" src=\"https:\/\/teamstone.eu\/loja\/wp-content\/uploads\/2017\/06\/reciclavel.png\" alt=\"\" width=\"50\" height=\"47\" \/><strong>Artigo recicl\u00e1vel; em final de \u201cvida\u201d pode ser colocado num ponto de recolha<\/strong>.<\/h6>\n<p>[\/vc_column_text][\/vc_column][\/vc_row][vc_row el_id=&#8221;tamanhos&#8221;][vc_column][vc_empty_space height=&#8221;60px&#8221;][vc_tta_accordion style=&#8221;modern&#8221; active_section=&#8221;non-existing number&#8221; collapsible_all=&#8221;true&#8221;][vc_tta_section title=&#8221;CONSULTAR TABELA DE TAMANHOS&#8221; tab_id=&#8221;1524225399024-c7e87548-dfdd&#8221;][vc_column_text]<\/p>\n<p style=\"text-align: center;\">Medidas deste artigo<\/p>\n<p style=\"text-align: center;\">Todas as medidas s\u00e3o em cent\u00edmetros, com uma margem de 2\/3 cent\u00edmetros.<a href=\"https:\/\/teamstone.eu\/loja\/wp-content\/uploads\/2018\/09\/50776-Portugu\u00eas.jpg\"><img loading=\"lazy\" class=\"size-medium wp-image-3765 aligncenter\" src=\"https:\/\/teamstone.eu\/loja\/wp-content\/uploads\/2018\/09\/50776-Portugu\u00eas-300x83.jpg\" alt=\"\" width=\"300\" height=\"83\" srcset=\"https:\/\/teamstone.pt\/loja\/wp-content\/uploads\/2018\/09\/50776-Portugu\u00eas-300x83.jpg 300w, https:\/\/teamstone.pt\/loja\/wp-content\/uploads\/2018\/09\/50776-Portugu\u00eas-600x166.jpg 600w, https:\/\/teamstone.pt\/loja\/wp-content\/uploads\/2018\/09\/50776-Portugu\u00eas-700x194.jpg 700w, https:\/\/teamstone.pt\/loja\/wp-content\/uploads\/2018\/09\/50776-Portugu\u00eas-100x28.jpg 100w, https:\/\/teamstone.pt\/loja\/wp-content\/uploads\/2018\/09\/50776-Portugu\u00eas-768x213.jpg 768w, https:\/\/teamstone.pt\/loja\/wp-content\/uploads\/2018\/09\/50776-Portugu\u00eas-1024x284.jpg 1024w, https:\/\/teamstone.pt\/loja\/wp-content\/uploads\/2018\/09\/50776-Portugu\u00eas-150x42.jpg 150w, https:\/\/teamstone.pt\/loja\/wp-content\/uploads\/2018\/09\/50776-Portugu\u00eas.jpg 1288w\" sizes=\"(max-width: 300px) 100vw, 300px\" \/><\/a><\/p>\n<div class=\"guide\">\n<p>&nbsp;<\/p>\n<p>&nbsp;<\/p>\n<\/div>\n<p>[\/vc_column_text][\/vc_tta_section][\/vc_tta_accordion][\/vc_column][\/vc_row][vc_row][vc_column][\/vc_column][\/vc_row]<\/p>\n","protected":false},"excerpt":{"rendered":"<p style=\"text-align: center;\"><strong>Conjunto de 2 pe\u00e7as em algod\u00e3o penteado e licra. Confort\u00e1vel, pr\u00e1tico. Top de silhueta feminina e ajust\u00e1vel. Em malha canelada em algod\u00e3o penteado de alta qualidade. Decote feminino e arredondado, al\u00e7as largas, ambos debruados a cetim, facilmente ajust\u00e1vel ao corpo. Cal\u00e7a comprida tamb\u00e9m em malha algod\u00e3o penteado, com cintura ajust\u00e1vel e cord\u00e3o regul\u00e1vel.<\/strong><br \/>\n<strong>Made in Portugal<\/strong><\/p>\n<h5><a href=\"#tamanhos\" rel=\"noopener\"><strong>Consultar Tabela de Tamanhos<\/strong><\/a><\/h5>\n","protected":false},"featured_media":4828,"comment_status":"open","ping_status":"closed","template":"","meta":[],"_links":{"self":[{"href":"https:\/\/teamstone.pt\/loja\/wp-json\/wp\/v2\/product\/3420"}],"collection":[{"href":"https:\/\/teamstone.pt\/loja\/wp-json\/wp\/v2\/product"}],"about":[{"href":"https:\/\/teamstone.pt\/loja\/wp-json\/wp\/v2\/types\/product"}],"replies":[{"embeddable":true,"href":"https:\/\/teamstone.pt\/loja\/wp-json\/wp\/v2\/comments?post=3420"}],"wp:featuredmedia":[{"embeddable":true,"href":"https:\/\/teamstone.pt\/loja\/wp-json\/wp\/v2\/media\/4828"}],"wp:attachment":[{"href":"https:\/\/teamstone.pt\/loja\/wp-json\/wp\/v2\/media?parent=3420"}],"curies":[{"name":"wp","href":"https:\/\/api.w.org\/{rel}","templated":true}]}}