{"id":3350,"date":"2025-04-02T17:36:26","date_gmt":"2025-04-02T17:36:26","guid":{"rendered":"https:\/\/teamstone.eu\/loja\/?post_type=product&#038;p=3350"},"modified":"2025-05-27T14:08:20","modified_gmt":"2025-05-27T14:08:20","slug":"camisa-de-dormir-carcela-bordado-rosa-made-in-portugal-by-teamstone","status":"publish","type":"product","link":"https:\/\/teamstone.pt\/loja\/product\/camisa-de-dormir-carcela-bordado-rosa-made-in-portugal-by-teamstone\/","title":{"rendered":"Camisa de dormir com carcela e com bordado, Rosa"},"content":{"rendered":"<p>[vc_row][vc_column][vc_column_text]<\/p>\n<p style=\"text-align: left;\">[\/vc_column_text][\/vc_column][\/vc_row][vc_row content_placement=&#8221;top&#8221;][vc_column][vc_column_text]<\/p>\n<p style=\"text-align: left;\">Cl\u00e1ssica e de forma direita. Decote redondo com carcela de 5 bot\u00f5es em madre perola a combinar com a cor do bordado.<\/p>\n<p style=\"text-align: left;\">\u00c9 o homewear perfeito para se sentir bem em casa todo o dia.<\/p>\n<p style=\"text-align: left;\">O acabamento da base e das mangas \u00e9 em rolinho tamb\u00e9m \u00e1 cor do bordado.<\/p>\n<p style=\"text-align: left;\">Modelo desenhado para proporcionar bem-estar e mobilidade.<br \/>\nComprimento: 110 cm<\/p>\n<p style=\"text-align: left;\">Confec\u00e7\u00e3o e controle de qualidade<\/p>\n<p style=\"text-align: left;\">Fabricado em Portugal<\/p>\n<p style=\"text-align: left;\">Made in Portugal<\/p>\n<p style=\"text-align: left;\">Composi\u00e7\u00e3o &amp; Cuidados:<br \/>\n&#8211; Camisa de dormir em malha canelada de alta qualidade em algod\u00e3o penteado e licra<br \/>\n&#8211; Lav\u00e1vel \u00e0 m\u00e1quina a frio<br \/>\n&#8211;\u00a0Lavar as cores separadamente<br \/>\n&#8211; Lavar e passar a ferro do avesso<br \/>\n&#8211; Passar a ferro com temperatura baixa se necess\u00e1rio.<\/p>\n<p>[\/vc_column_text][vc_column_text]<\/p>\n<h5 style=\"text-align: center;\"><span style=\"color: #ff6600;\">No caso de este produto se encontrar ESGOTADO, contacte-nos atrav\u00e9s do email\u00a0<a style=\"color: #ff6600;\" href=\"mailto:info@teamstone.eu\"><span style=\"color: #003366;\">info@teamstone.eu<\/span><\/a><\/span><\/h5>\n<p>[\/vc_column_text][vc_column_text]<\/p>\n<h6><img loading=\"lazy\" class=\"alignnone wp-image-2914 size-full\" src=\"https:\/\/teamstone.eu\/loja\/wp-content\/uploads\/2017\/06\/reciclavel.png\" alt=\"\" width=\"50\" height=\"47\" \/><strong>Artigo recicl\u00e1vel; em final de \u201cvida\u201d pode ser colocado num ponto de recolha<\/strong>.<\/h6>\n<p>[\/vc_column_text][\/vc_column][\/vc_row][vc_row el_id=&#8221;tamanhos&#8221;][vc_column][vc_empty_space height=&#8221;60px&#8221;][vc_tta_accordion style=&#8221;modern&#8221; active_section=&#8221;non-existing number&#8221; collapsible_all=&#8221;true&#8221;][vc_tta_section title=&#8221;CONSULTAR TABELA DE TAMANHOS&#8221; tab_id=&#8221;1524225399024-c7e87548-dfdd&#8221;][vc_column_text]<\/p>\n<div class=\"intro\"><\/div>\n<div class=\"guide\"><img loading=\"lazy\" class=\"wp-image-5561 aligncenter\" src=\"https:\/\/teamstone.eu\/loja\/wp-content\/uploads\/2018\/09\/TABELA-DE-MEDIDAS-MODELOS-CLASSICOS-LOJA-3-300x220.png\" alt=\"\" width=\"899\" height=\"659\" srcset=\"https:\/\/teamstone.pt\/loja\/wp-content\/uploads\/2018\/09\/TABELA-DE-MEDIDAS-MODELOS-CLASSICOS-LOJA-3-300x220.png 300w, https:\/\/teamstone.pt\/loja\/wp-content\/uploads\/2018\/09\/TABELA-DE-MEDIDAS-MODELOS-CLASSICOS-LOJA-3-100x73.png 100w, https:\/\/teamstone.pt\/loja\/wp-content\/uploads\/2018\/09\/TABELA-DE-MEDIDAS-MODELOS-CLASSICOS-LOJA-3-768x563.png 768w, https:\/\/teamstone.pt\/loja\/wp-content\/uploads\/2018\/09\/TABELA-DE-MEDIDAS-MODELOS-CLASSICOS-LOJA-3-600x440.png 600w, https:\/\/teamstone.pt\/loja\/wp-content\/uploads\/2018\/09\/TABELA-DE-MEDIDAS-MODELOS-CLASSICOS-LOJA-3-700x513.png 700w, https:\/\/teamstone.pt\/loja\/wp-content\/uploads\/2018\/09\/TABELA-DE-MEDIDAS-MODELOS-CLASSICOS-LOJA-3.png 876w\" sizes=\"(max-width: 899px) 100vw, 899px\" \/><\/div>\n<p>[\/vc_column_text][\/vc_tta_section][\/vc_tta_accordion][\/vc_column][\/vc_row][vc_row][vc_column][\/vc_column][\/vc_row]<\/p>\n","protected":false},"excerpt":{"rendered":"<p><strong>Em malha canelada de alta qualidade em algod\u00e3o penteado e licra. Perfei\u00e7\u00e3o e requinte de acabamentos. Com debruados a cetim na gola, escapul\u00e1rio, real\u00e7ando o bordado ton sur ton.<br \/>\nMade in Portugal<\/strong><\/p>\n<h5><a href=\"#tamanhos\" rel=\"noopener\"><strong>CONSULTAR TABELA DE TAMANHOS<\/strong><\/a><\/h5>\n","protected":false},"featured_media":13554,"comment_status":"open","ping_status":"closed","template":"","meta":[],"_links":{"self":[{"href":"https:\/\/teamstone.pt\/loja\/wp-json\/wp\/v2\/product\/3350"}],"collection":[{"href":"https:\/\/teamstone.pt\/loja\/wp-json\/wp\/v2\/product"}],"about":[{"href":"https:\/\/teamstone.pt\/loja\/wp-json\/wp\/v2\/types\/product"}],"replies":[{"embeddable":true,"href":"https:\/\/teamstone.pt\/loja\/wp-json\/wp\/v2\/comments?post=3350"}],"wp:featuredmedia":[{"embeddable":true,"href":"https:\/\/teamstone.pt\/loja\/wp-json\/wp\/v2\/media\/13554"}],"wp:attachment":[{"href":"https:\/\/teamstone.pt\/loja\/wp-json\/wp\/v2\/media?parent=3350"}],"curies":[{"name":"wp","href":"https:\/\/api.w.org\/{rel}","templated":true}]}}