{"id":3331,"date":"2025-05-02T17:39:23","date_gmt":"2025-05-02T17:39:23","guid":{"rendered":"https:\/\/teamstone.eu\/loja\/?post_type=product&#038;p=3331"},"modified":"2026-03-28T14:31:22","modified_gmt":"2026-03-28T14:31:22","slug":"camisa-dormir-algodao-tamanhos-grandes-made-in-portugal-by-teamstone","status":"publish","type":"product","link":"https:\/\/teamstone.pt\/loja\/product\/camisa-dormir-algodao-tamanhos-grandes-made-in-portugal-by-teamstone\/","title":{"rendered":"Camisa de dormir 100% algod\u00e3o &#8211; Tamanhos grandes"},"content":{"rendered":"<p>[vc_row][vc_column][vc_column_text]<\/p>\n<p style=\"text-align: left;\">[\/vc_column_text][\/vc_column][\/vc_row][vc_row content_placement=&#8221;top&#8221;][vc_column][vc_column_text]<\/p>\n<p style=\"text-align: left;\">Decote redondo com pesponto, carcela comprida de 5 bot\u00f5es para facilitar o vestir,\u00a0 escapul\u00e1rio\u00a0 bordado e com rendas e la\u00e7os. As\u00a0 pregas definidas d\u00e3o \u00e1 camisa de noite mais conforto e frescura da malha jersey em 100% algod\u00e3o &#8211; sustent\u00e1vel.<\/p>\n<p style=\"text-align: left;\">Camisa de dormir dispon\u00edvel\u00a0 em tamanhos grandes.<\/p>\n<p style=\"text-align: left;\">Comprimento aprox. 110 cm<br \/>\nConfe\u00e7\u00e3o e controle\u00a0 de qualidade<br \/>\nFabricado em Portugal<br \/>\nMade in Portugal<\/p>\n<p style=\"text-align: left;\">Composi\u00e7\u00e3o &amp; Cuidados:<br \/>\n&#8211; Camisa de dormir em malha jersey em 100% Algod\u00e3o Penteado &#8211; Sustent\u00e1vel.<br \/>\n&#8211; Lavar a frio<br \/>\n&#8211; Lavar cores separadamente<br \/>\n&#8211; Lavar e passar a ferro do avesso<br \/>\n&#8211; Passar a ferro com temperatura baixa.<\/p>\n<p>[\/vc_column_text][vc_column_text]<\/p>\n<h5 style=\"text-align: center;\"><span style=\"color: #ff6600;\">No caso de este produto se encontrar ESGOTADO, contacte-nos atrav\u00e9s do email\u00a0<a style=\"color: #ff6600;\" href=\"mailto:info@teamstone.eu\"><span style=\"color: #003366;\">info@teamstone.eu<\/span><\/a><\/span><\/h5>\n<p>[\/vc_column_text][vc_column_text]<\/p>\n<h6><img loading=\"lazy\" class=\"alignnone wp-image-2914 size-full\" src=\"https:\/\/teamstone.eu\/loja\/wp-content\/uploads\/2017\/06\/reciclavel.png\" alt=\"\" width=\"50\" height=\"47\" \/><strong>Artigo recicl\u00e1vel; em final de \u201cvida\u201d pode ser colocado num ponto de recolha<\/strong>.<\/h6>\n<p>[\/vc_column_text][\/vc_column][\/vc_row][vc_row el_id=&#8221;tamanhos&#8221;][vc_column][vc_empty_space height=&#8221;60px&#8221;][vc_tta_accordion style=&#8221;modern&#8221; active_section=&#8221;non-existing number&#8221; collapsible_all=&#8221;true&#8221;][vc_tta_section title=&#8221;CONSULTAR TABELA DE TAMANHOS&#8221; tab_id=&#8221;1524225399024-c7e87548-dfdd&#8221;][vc_column_text]<\/p>\n<div class=\"intro\"><\/div>\n<div class=\"guide\"><img loading=\"lazy\" class=\"size-full wp-image-8132 aligncenter\" src=\"https:\/\/teamstone.eu\/loja\/wp-content\/uploads\/2018\/09\/tabelas-de-medidas-tamanhos-grandes-38-40-ao-62-64.png\" alt=\"\" width=\"784\" height=\"602\" srcset=\"https:\/\/teamstone.pt\/loja\/wp-content\/uploads\/2018\/09\/tabelas-de-medidas-tamanhos-grandes-38-40-ao-62-64.png 784w, https:\/\/teamstone.pt\/loja\/wp-content\/uploads\/2018\/09\/tabelas-de-medidas-tamanhos-grandes-38-40-ao-62-64-300x230.png 300w, https:\/\/teamstone.pt\/loja\/wp-content\/uploads\/2018\/09\/tabelas-de-medidas-tamanhos-grandes-38-40-ao-62-64-100x77.png 100w, https:\/\/teamstone.pt\/loja\/wp-content\/uploads\/2018\/09\/tabelas-de-medidas-tamanhos-grandes-38-40-ao-62-64-768x590.png 768w, https:\/\/teamstone.pt\/loja\/wp-content\/uploads\/2018\/09\/tabelas-de-medidas-tamanhos-grandes-38-40-ao-62-64-600x461.png 600w, https:\/\/teamstone.pt\/loja\/wp-content\/uploads\/2018\/09\/tabelas-de-medidas-tamanhos-grandes-38-40-ao-62-64-700x538.png 700w\" sizes=\"(max-width: 784px) 100vw, 784px\" \/><\/div>\n<p>[\/vc_column_text][\/vc_tta_section][\/vc_tta_accordion][\/vc_column][\/vc_row][vc_row][vc_column][\/vc_column][\/vc_row]<\/p>\n","protected":false},"excerpt":{"rendered":"<p><strong>Em malha jersey 100% Algod\u00e3o penteado &#8211; Sustent\u00e1vel. Com elegante pormenor de bordado e renda.<br \/>\nMade in Portugal<\/strong><\/p>\n<h5><a href=\"#tamanhos\" rel=\"noopener\"><strong>CONSULTAR TABELA DE TAMANHOS<\/strong><\/a><\/h5>\n","protected":false},"featured_media":11875,"comment_status":"open","ping_status":"closed","template":"","meta":[],"_links":{"self":[{"href":"https:\/\/teamstone.pt\/loja\/wp-json\/wp\/v2\/product\/3331"}],"collection":[{"href":"https:\/\/teamstone.pt\/loja\/wp-json\/wp\/v2\/product"}],"about":[{"href":"https:\/\/teamstone.pt\/loja\/wp-json\/wp\/v2\/types\/product"}],"replies":[{"embeddable":true,"href":"https:\/\/teamstone.pt\/loja\/wp-json\/wp\/v2\/comments?post=3331"}],"wp:featuredmedia":[{"embeddable":true,"href":"https:\/\/teamstone.pt\/loja\/wp-json\/wp\/v2\/media\/11875"}],"wp:attachment":[{"href":"https:\/\/teamstone.pt\/loja\/wp-json\/wp\/v2\/media?parent=3331"}],"curies":[{"name":"wp","href":"https:\/\/api.w.org\/{rel}","templated":true}]}}