{"id":3311,"date":"2025-03-02T17:10:55","date_gmt":"2025-03-02T17:10:55","guid":{"rendered":"https:\/\/teamstone.eu\/loja\/?post_type=product&#038;p=3311"},"modified":"2025-05-27T09:09:39","modified_gmt":"2025-05-27T09:09:39","slug":"pijama-calcas-compridas-contrastes-marinheiro-portugal-made-in-portugal-8","status":"publish","type":"product","link":"https:\/\/teamstone.pt\/loja\/product\/pijama-calcas-compridas-contrastes-marinheiro-portugal-made-in-portugal-8\/","title":{"rendered":"Pijama de cal\u00e7as compridas, com contrastes marinheiro"},"content":{"rendered":"<p>[vc_row][vc_column][vc_column_text]<\/p>\n<p style=\"text-align: left;\">[\/vc_column_text][\/vc_column][\/vc_row][vc_row content_placement=&#8221;top&#8221;][vc_column][vc_column_text]<\/p>\n<p style=\"text-align: left;\">Conjunto de duas pe\u00e7as de pijama cl\u00e1ssico de cal\u00e7as compridas e camisola. Em azul marinho e contrastes de vermelho inspirado nos tons de mar. Em malha jersey de algod\u00e3o, estampados coordenados de bolas e riscas, bot\u00f5es e la\u00e7o vermelho, real\u00e7am os pormenores e detalhes de acabamentos.<\/p>\n<p style=\"text-align: left;\">Camisola comprida, decote redondo com carcela de 4 bot\u00f5es desenhados com pormenor de la\u00e7o de cetim vermelho, punhos debruados em malha de riscas com 2 bot\u00f5es vermelhos.<\/p>\n<p style=\"text-align: left;\">Cal\u00e7as largas com cintura ajust\u00e1vel a finalizar com os pormenores de remate iguais aos punhos da camisola.<\/p>\n<p style=\"text-align: left;\">As fotos demonstram todos os pormenores de eleg\u00e2ncia e qualidade de confe\u00e7\u00e3o deste modelo.<\/p>\n<p style=\"text-align: left;\">Lindo conjunto de homewear com apresenta\u00e7\u00e3o para receber as suas visitas.<\/p>\n<p style=\"text-align: left;\">Pre\u00e7os acess\u00edveis num universo de eleg\u00e2ncia e de sedu\u00e7\u00e3o que real\u00e7a a mulher.<\/p>\n<p style=\"text-align: left;\">Confe\u00e7\u00e3o e controle de qualidade.<\/p>\n<p style=\"text-align: left;\">Fabricado em Portugal<\/p>\n<p style=\"text-align: left;\">Made in Portugal<\/p>\n<p style=\"text-align: left;\">Composi\u00e7\u00e3o &amp; Cuidados:<br \/>\n&#8211; Pijama em malha jersey<br \/>\n&#8211; Lavar \u00e0 maquina a frio<br \/>\n&#8211; Lavar cores separadamente<br \/>\n&#8211; Lavar e passar a ferro do avesso<br \/>\n&#8211; Passar a ferro com temperatura baixa.<\/p>\n<p>[\/vc_column_text][vc_column_text]<\/p>\n<h5 style=\"text-align: center;\"><span style=\"color: #ff6600;\">No caso de este produto se encontrar ESGOTADO, contacte-nos atrav\u00e9s do email\u00a0<a style=\"color: #ff6600;\" href=\"mailto:info@teamstone.eu\"><span style=\"color: #003366;\">info@teamstone.eu<\/span><\/a><\/span><\/h5>\n<p>[\/vc_column_text][vc_column_text]<\/p>\n<h6><img loading=\"lazy\" class=\"alignnone wp-image-2914 size-full\" src=\"https:\/\/teamstone.eu\/loja\/wp-content\/uploads\/2017\/06\/reciclavel.png\" alt=\"\" width=\"50\" height=\"47\" \/><strong>Artigo recicl\u00e1vel; em final de \u201cvida\u201d pode ser colocado num ponto de recolha<\/strong>.<\/h6>\n<p>[\/vc_column_text][\/vc_column][\/vc_row][vc_row el_id=&#8221;tamanhos&#8221;][vc_column][vc_empty_space height=&#8221;60px&#8221;][vc_tta_accordion style=&#8221;modern&#8221; active_section=&#8221;non-existing number&#8221; collapsible_all=&#8221;true&#8221;][vc_tta_section title=&#8221;CONSULTAR TABELA DE TAMANHOS&#8221; tab_id=&#8221;1524225399024-c7e87548-dfdd&#8221;][vc_column_text]<\/p>\n<div class=\"intro\"><img loading=\"lazy\" class=\"alignnone wp-image-5561 aligncenter\" src=\"https:\/\/teamstone.eu\/loja\/wp-content\/uploads\/2018\/09\/TABELA-DE-MEDIDAS-MODELOS-CLASSICOS-LOJA-3-300x220.png\" alt=\"\" width=\"901\" height=\"660\" srcset=\"https:\/\/teamstone.pt\/loja\/wp-content\/uploads\/2018\/09\/TABELA-DE-MEDIDAS-MODELOS-CLASSICOS-LOJA-3-300x220.png 300w, https:\/\/teamstone.pt\/loja\/wp-content\/uploads\/2018\/09\/TABELA-DE-MEDIDAS-MODELOS-CLASSICOS-LOJA-3-100x73.png 100w, https:\/\/teamstone.pt\/loja\/wp-content\/uploads\/2018\/09\/TABELA-DE-MEDIDAS-MODELOS-CLASSICOS-LOJA-3-768x563.png 768w, https:\/\/teamstone.pt\/loja\/wp-content\/uploads\/2018\/09\/TABELA-DE-MEDIDAS-MODELOS-CLASSICOS-LOJA-3-600x440.png 600w, https:\/\/teamstone.pt\/loja\/wp-content\/uploads\/2018\/09\/TABELA-DE-MEDIDAS-MODELOS-CLASSICOS-LOJA-3-700x513.png 700w, https:\/\/teamstone.pt\/loja\/wp-content\/uploads\/2018\/09\/TABELA-DE-MEDIDAS-MODELOS-CLASSICOS-LOJA-3.png 876w\" sizes=\"(max-width: 901px) 100vw, 901px\" \/><\/div>\n<div class=\"guide\">\n<p>&nbsp;<\/p>\n<p>&nbsp;<\/p>\n<\/div>\n<p>[\/vc_column_text][\/vc_tta_section][\/vc_tta_accordion][\/vc_column][\/vc_row][vc_row][vc_column][\/vc_column][\/vc_row]<\/p>\n","protected":false},"excerpt":{"rendered":"<p><strong>Conjunto de duas pe\u00e7as de pijama cl\u00e1ssico de cal\u00e7as compridas e camisola. Em azul marinho e contrastes de vermelho inspirado nos tons de mar. Em malha jersey de algod\u00e3o, estampados coordenados de bolas e riscas, bot\u00f5es e la\u00e7o vermelho, real\u00e7am os pormenores e detalhes de acabamentos.<br \/>\nMade in Portugal<\/strong><\/p>\n<h5><a href=\"#tamanhos\" rel=\"noopener\"><strong>CONSULTAR TABELA DE TAMANHOS <\/strong><\/a><\/h5>\n","protected":false},"featured_media":4032,"comment_status":"open","ping_status":"closed","template":"","meta":[],"_links":{"self":[{"href":"https:\/\/teamstone.pt\/loja\/wp-json\/wp\/v2\/product\/3311"}],"collection":[{"href":"https:\/\/teamstone.pt\/loja\/wp-json\/wp\/v2\/product"}],"about":[{"href":"https:\/\/teamstone.pt\/loja\/wp-json\/wp\/v2\/types\/product"}],"replies":[{"embeddable":true,"href":"https:\/\/teamstone.pt\/loja\/wp-json\/wp\/v2\/comments?post=3311"}],"wp:featuredmedia":[{"embeddable":true,"href":"https:\/\/teamstone.pt\/loja\/wp-json\/wp\/v2\/media\/4032"}],"wp:attachment":[{"href":"https:\/\/teamstone.pt\/loja\/wp-json\/wp\/v2\/media?parent=3311"}],"curies":[{"name":"wp","href":"https:\/\/api.w.org\/{rel}","templated":true}]}}