{"id":3294,"date":"2024-06-02T12:00:57","date_gmt":"2024-06-02T12:00:57","guid":{"rendered":"https:\/\/teamstone.eu\/loja\/?post_type=product&#038;p=3294"},"modified":"2024-12-27T15:32:13","modified_gmt":"2024-12-27T15:32:13","slug":"camisa-de-dormir-mangas-compridas-botoes-forrados-forma-macho-azul-portugal-made-in-portugal","status":"publish","type":"product","link":"https:\/\/teamstone.pt\/loja\/product\/camisa-de-dormir-mangas-compridas-botoes-forrados-forma-macho-azul-portugal-made-in-portugal\/","title":{"rendered":"Camisa de noite mangas compridas com bot\u00f5es forrados e  forma de macho"},"content":{"rendered":"<p>[vc_row][vc_column][vc_column_text]<\/p>\n<p style=\"text-align: left;\">[\/vc_column_text][\/vc_column][\/vc_row][vc_row content_placement=&#8221;top&#8221;][vc_column][vc_column_text]<\/p>\n<p style=\"text-align: left;\">Camisa de dormir em malha canelada. Encantadora, com decote arredondado e contornado com um vivo contrastante. Carcela comprida de 4 bot\u00f5es forrados igual \u00e1 malha do macho. La\u00e7o de cetim a finalizar. Esta camisa de noite em jersey oferece-lhe um toque feminino.<\/p>\n<p style=\"text-align: left;\">Muito confort\u00e1vel, elegante com modelo bastante elaborado.<\/p>\n<p style=\"text-align: left;\">As bainhas de dupla agulha.<\/p>\n<p style=\"text-align: left;\">Um camisa de noite para se apresentar bem e chique de dia.<\/p>\n<p style=\"text-align: left;\">Comprimento aprox. 110 cm<\/p>\n<p style=\"text-align: left;\">Confe\u00e7\u00e3o e controle de qualidade.<\/p>\n<p style=\"text-align: left;\">Fabricado em Portugal<\/p>\n<p style=\"text-align: left;\">Made in Portugal<\/p>\n<p style=\"text-align: left;\">Composi\u00e7\u00e3o &amp; Cuidados:<br \/>\n&#8211; Camisa de\u00a0 dormir em malha canelada<br \/>\n&#8211; Lav\u00e1vel na m\u00e1quina a 30\u00b0 com cores semelhantes.<br \/>\n&#8211; Lavar e passar a ferro do avesso.<br \/>\n&#8211; N\u00e3o secar na m\u00e1quina.<br \/>\n&#8211; Passar a ferro com temperatura baixa.<\/p>\n<p>[\/vc_column_text][vc_column_text]<\/p>\n<h5 style=\"text-align: center;\"><span style=\"color: #ff6600;\">No caso de este produto se encontrar ESGOTADO, contacte-nos atrav\u00e9s do email\u00a0<a style=\"color: #ff6600;\" href=\"mailto:info@teamstone.eu\"><span style=\"color: #003366;\">info@teamstone.eu<\/span><\/a><\/span><\/h5>\n<p>[\/vc_column_text][vc_column_text]<\/p>\n<h6><img loading=\"lazy\" class=\"alignnone wp-image-2914 size-full\" src=\"https:\/\/teamstone.eu\/loja\/wp-content\/uploads\/2017\/06\/reciclavel.png\" alt=\"\" width=\"50\" height=\"47\" \/><strong>Artigo recicl\u00e1vel; em final de \u201cvida\u201d pode ser colocado num ponto de recolha<\/strong>.<\/h6>\n<p>[\/vc_column_text][\/vc_column][\/vc_row][vc_row el_id=&#8221;tamanhos&#8221;][vc_column][vc_empty_space height=&#8221;60px&#8221;][vc_tta_accordion style=&#8221;modern&#8221; active_section=&#8221;non-existing number&#8221; collapsible_all=&#8221;true&#8221;][vc_tta_section title=&#8221;CONSULTAR TABELA DE TAMANHOS&#8221; tab_id=&#8221;1524225399024-c7e87548-dfdd&#8221;][vc_column_text]<\/p>\n<div class=\"guide\">\n<p><img loading=\"lazy\" class=\"aligncenter wp-image-8132 size-full\" src=\"https:\/\/teamstone.eu\/loja\/wp-content\/uploads\/2018\/09\/tabelas-de-medidas-tamanhos-grandes-38-40-ao-62-64.png\" alt=\"\" width=\"784\" height=\"602\" srcset=\"https:\/\/teamstone.pt\/loja\/wp-content\/uploads\/2018\/09\/tabelas-de-medidas-tamanhos-grandes-38-40-ao-62-64.png 784w, https:\/\/teamstone.pt\/loja\/wp-content\/uploads\/2018\/09\/tabelas-de-medidas-tamanhos-grandes-38-40-ao-62-64-300x230.png 300w, https:\/\/teamstone.pt\/loja\/wp-content\/uploads\/2018\/09\/tabelas-de-medidas-tamanhos-grandes-38-40-ao-62-64-100x77.png 100w, https:\/\/teamstone.pt\/loja\/wp-content\/uploads\/2018\/09\/tabelas-de-medidas-tamanhos-grandes-38-40-ao-62-64-768x590.png 768w, https:\/\/teamstone.pt\/loja\/wp-content\/uploads\/2018\/09\/tabelas-de-medidas-tamanhos-grandes-38-40-ao-62-64-600x461.png 600w, https:\/\/teamstone.pt\/loja\/wp-content\/uploads\/2018\/09\/tabelas-de-medidas-tamanhos-grandes-38-40-ao-62-64-700x538.png 700w\" sizes=\"(max-width: 784px) 100vw, 784px\" \/><\/p>\n<p>&nbsp;<\/p>\n<\/div>\n<p>[\/vc_column_text][\/vc_tta_section][\/vc_tta_accordion][\/vc_column][\/vc_row][vc_row][vc_column][\/vc_column][\/vc_row]<\/p>\n","protected":false},"excerpt":{"rendered":"<p><strong>Camisa de dormir em malha canelada. Encantadora, com decote arredondado e contornado com um vivo contrastante. Carcela comprida de 4 bot\u00f5es forrados igual \u00e1 malha do macho. La\u00e7o de cetim a finalizar. Esta camisa de noite em jersey oferece-lhe um toque feminino.<br \/>\nMade in Portugal<\/strong><\/p>\n<h5><a href=\"#tamanhos\" rel=\"noopener\"><strong>CONSULTAR TABELA DE TAMANHOS <\/strong><\/a><\/h5>\n","protected":false},"featured_media":13559,"comment_status":"open","ping_status":"closed","template":"","meta":[],"_links":{"self":[{"href":"https:\/\/teamstone.pt\/loja\/wp-json\/wp\/v2\/product\/3294"}],"collection":[{"href":"https:\/\/teamstone.pt\/loja\/wp-json\/wp\/v2\/product"}],"about":[{"href":"https:\/\/teamstone.pt\/loja\/wp-json\/wp\/v2\/types\/product"}],"replies":[{"embeddable":true,"href":"https:\/\/teamstone.pt\/loja\/wp-json\/wp\/v2\/comments?post=3294"}],"wp:featuredmedia":[{"embeddable":true,"href":"https:\/\/teamstone.pt\/loja\/wp-json\/wp\/v2\/media\/13559"}],"wp:attachment":[{"href":"https:\/\/teamstone.pt\/loja\/wp-json\/wp\/v2\/media?parent=3294"}],"curies":[{"name":"wp","href":"https:\/\/api.w.org\/{rel}","templated":true}]}}