{"id":14096,"date":"2024-06-02T11:22:46","date_gmt":"2024-06-02T11:22:46","guid":{"rendered":"http:\/\/teamstone.eu\/loja\/?post_type=product&#038;p=14096"},"modified":"2025-01-27T17:29:22","modified_gmt":"2025-01-27T17:29:22","slug":"camisa-de-dormir-aberta-a-frente-verde-agua-made-in-portugal-by-teamstone","status":"publish","type":"product","link":"https:\/\/teamstone.pt\/loja\/product\/camisa-de-dormir-aberta-a-frente-verde-agua-made-in-portugal-by-teamstone\/","title":{"rendered":"Camisa de dormir aberta \u00e1 frente, Verde \u00c1gua"},"content":{"rendered":"<p>[vc_row content_placement=&#8221;top&#8221;][vc_column][vc_column_text]<\/p>\n<p style=\"text-align: left;\">Camisa de noite\u00a0 quente em malha interlock. Mangas compridas, carcela \u00e1 frente a todo comprimento com bot\u00f5es, escapul\u00e1rio bordado e com vivo em cetim.<\/p>\n<p style=\"text-align: left;\">Modelo desenhado para proporcionar mobilidade e conforto<\/p>\n<p style=\"text-align: left;\">Comprimento: Aprox. 1,10 M<\/p>\n<p style=\"text-align: left;\">Controle de confe\u00e7\u00e3o e qualidade<\/p>\n<p style=\"text-align: left;\">Fabricado em Portugal<\/p>\n<p style=\"text-align: left;\">Made in Portugal<\/p>\n<p style=\"text-align: left;\">Composi\u00e7\u00e3o &amp; cuidados:<br \/>\n&#8211; Camisa de dormir em malha interlock cardada<br \/>\n&#8211; Lav\u00e1vel na m\u00e1quina a 30\u00b0 com cores semelhantes<br \/>\n&#8211; Lavar e passar a ferro do avesso<br \/>\n&#8211; N\u00e3o secar na m\u00e1quina<br \/>\n&#8211; Passar a ferro com temperatura baixa.<\/p>\n<p>[\/vc_column_text][vc_column_text]<\/p>\n<h5 style=\"text-align: center;\"><span style=\"color: #ff6600;\">No caso de este produto se encontrar ESGOTADO, contacte-nos atrav\u00e9s do email <a style=\"color: #ff6600;\" href=\"mailto:info@teamstone.eu\"><span style=\"color: #003366;\">info@teamstone.eu<\/span><\/a><\/span><\/h5>\n<p>[\/vc_column_text][vc_column_text]<\/p>\n<h6><img loading=\"lazy\" class=\"alignnone wp-image-2914 size-full\" src=\"https:\/\/teamstone.eu\/loja\/wp-content\/uploads\/2017\/06\/reciclavel.png\" alt=\"\" width=\"50\" height=\"47\" \/><strong>Artigo recicl\u00e1vel; em final de \u201cvida\u201d pode ser colocado num ponto de recolha<\/strong>.<\/h6>\n<p>[\/vc_column_text][\/vc_column][\/vc_row][vc_row el_id=&#8221;tamanhos&#8221;][vc_column][vc_empty_space height=&#8221;60px&#8221;][vc_tta_accordion style=&#8221;modern&#8221; active_section=&#8221;non-existing number&#8221; collapsible_all=&#8221;true&#8221;][vc_tta_section title=&#8221;CONSULTAR TABELA DE TAMANHOS&#8221; tab_id=&#8221;1524225399024-c7e87548-dfdd&#8221;][vc_column_text]<\/p>\n<div class=\"intro\"><img loading=\"lazy\" class=\"alignnone wp-image-5561 aligncenter\" src=\"https:\/\/teamstone.eu\/loja\/wp-content\/uploads\/2018\/09\/TABELA-DE-MEDIDAS-MODELOS-CLASSICOS-LOJA-3-300x220.png\" alt=\"\" width=\"900\" height=\"660\" srcset=\"https:\/\/teamstone.pt\/loja\/wp-content\/uploads\/2018\/09\/TABELA-DE-MEDIDAS-MODELOS-CLASSICOS-LOJA-3-300x220.png 300w, https:\/\/teamstone.pt\/loja\/wp-content\/uploads\/2018\/09\/TABELA-DE-MEDIDAS-MODELOS-CLASSICOS-LOJA-3-100x73.png 100w, https:\/\/teamstone.pt\/loja\/wp-content\/uploads\/2018\/09\/TABELA-DE-MEDIDAS-MODELOS-CLASSICOS-LOJA-3-768x563.png 768w, https:\/\/teamstone.pt\/loja\/wp-content\/uploads\/2018\/09\/TABELA-DE-MEDIDAS-MODELOS-CLASSICOS-LOJA-3-600x440.png 600w, https:\/\/teamstone.pt\/loja\/wp-content\/uploads\/2018\/09\/TABELA-DE-MEDIDAS-MODELOS-CLASSICOS-LOJA-3-700x513.png 700w, https:\/\/teamstone.pt\/loja\/wp-content\/uploads\/2018\/09\/TABELA-DE-MEDIDAS-MODELOS-CLASSICOS-LOJA-3.png 876w\" sizes=\"(max-width: 900px) 100vw, 900px\" \/><\/div>\n<div class=\"guide\">\n<p>&nbsp;<\/p>\n<p>&nbsp;<\/p>\n<\/div>\n<p>[\/vc_column_text][\/vc_tta_section][\/vc_tta_accordion][\/vc_column][\/vc_row][vc_row][vc_column][\/vc_column][\/vc_row]<\/p>\n","protected":false},"excerpt":{"rendered":"<p><strong><br \/>\nModelo cl\u00e1ssico de manga comprida\u00a0 com escapul\u00e1rio bordado.\u00a0<\/strong><br \/>\n<strong><br \/>\nMade in Portugal<\/strong><\/p>\n<h5><a href=\"#tamanhos\" rel=\"noopener\"><strong>CONSULTAR TABELA DE TAMANHOS<\/strong><\/a><\/h5>\n","protected":false},"featured_media":14098,"comment_status":"open","ping_status":"closed","template":"","meta":[],"_links":{"self":[{"href":"https:\/\/teamstone.pt\/loja\/wp-json\/wp\/v2\/product\/14096"}],"collection":[{"href":"https:\/\/teamstone.pt\/loja\/wp-json\/wp\/v2\/product"}],"about":[{"href":"https:\/\/teamstone.pt\/loja\/wp-json\/wp\/v2\/types\/product"}],"replies":[{"embeddable":true,"href":"https:\/\/teamstone.pt\/loja\/wp-json\/wp\/v2\/comments?post=14096"}],"wp:featuredmedia":[{"embeddable":true,"href":"https:\/\/teamstone.pt\/loja\/wp-json\/wp\/v2\/media\/14098"}],"wp:attachment":[{"href":"https:\/\/teamstone.pt\/loja\/wp-json\/wp\/v2\/media?parent=14096"}],"curies":[{"name":"wp","href":"https:\/\/api.w.org\/{rel}","templated":true}]}}