{"id":13591,"date":"2023-05-25T14:24:43","date_gmt":"2023-05-25T14:24:43","guid":{"rendered":"http:\/\/teamstone.eu\/loja\/?post_type=product&#038;p=13591"},"modified":"2023-07-17T15:45:02","modified_gmt":"2023-07-17T15:45:02","slug":"sobre-colchao-topper-made-in-portugal-by-teamstone","status":"publish","type":"product","link":"https:\/\/teamstone.pt\/loja\/product\/sobre-colchao-topper-made-in-portugal-by-teamstone\/","title":{"rendered":"Sobre Colch\u00e3o \u2013 TOPPER"},"content":{"rendered":"<p>[vc_row content_placement=&#8221;top&#8221;][vc_column][vc_column_text]<\/p>\n<p style=\"text-align: left;\">O nosso Topper viscoel\u00e1stico \u00e9 o complemento ideal para acrescentar conforto ao seu colch\u00e3o.<\/p>\n<p style=\"text-align: left;\">Outras caracter\u00edsticas adicionais:<\/p>\n<p style=\"text-align: left;\">Acolchoado exterior e tecido em tencel extremamente suave ao toque.<\/p>\n<p style=\"text-align: left;\">Altura de aprox. 6 cm, possibilita uma maior comodidade e sensa\u00e7\u00e3o de bem-estar.<\/p>\n<p style=\"text-align: left;\">El\u00e1sticos nos cantos para que se mantenha fixo ao colch\u00e3o.<\/p>\n<p style=\"text-align: left;\">Este Topper permite-lhe eliminar a dureza do seu colch\u00e3o.<\/p>\n<p style=\"text-align: left;\">O protetor mantem as suas carater\u00edsticas iniciais por longos anos.<\/p>\n<p style=\"text-align: left;\">Feito para v\u00e1rias medidas de colch\u00e3o<\/p>\n<p style=\"text-align: left;\">Produzido em Portugal<br \/>\nMade in Portugal<\/p>\n<p>[\/vc_column_text][vc_column_text]<\/p>\n<h5 style=\"text-align: center;\"><span style=\"color: #ff6600;\">No caso de este produto estar ESGOTADO, contacte-nos atrav\u00e9s do email <a style=\"color: #ff6600;\" href=\"mailto:info@teamstone.eu\"><span style=\"color: #003366;\">info@teamstone.eu<\/span><\/a><\/span><\/h5>\n<p>[\/vc_column_text][vc_column_text]<\/p>\n<h6><img loading=\"lazy\" class=\"alignnone wp-image-2914 size-full\" src=\"https:\/\/teamstone.eu\/loja\/wp-content\/uploads\/2017\/06\/reciclavel.png\" alt=\"\" width=\"50\" height=\"47\" \/><strong>Artigo recicl\u00e1vel; em final de \u201cvida\u201d pode ser colocado num ponto de recolha<\/strong>.<\/h6>\n<p>[\/vc_column_text][\/vc_column][\/vc_row][vc_row el_id=&#8221;tamanhos&#8221;][vc_column][vc_empty_space height=&#8221;60px&#8221;][vc_tta_accordion style=&#8221;modern&#8221; active_section=&#8221;non-existing number&#8221; collapsible_all=&#8221;true&#8221;][vc_tta_section tab_id=&#8221;1524225399024-c7e87548-dfdd&#8221; title=&#8221;DETALHES&#8221;][vc_column_text]<\/p>\n<div class=\"guide\">\n<p style=\"text-align: left;\">Composi\u00e7\u00e3o:<\/p>\n<div class=\"intro\" style=\"text-align: left;\">Strecht mesh Tencel 280gr\/m2<\/div>\n<div class=\"intro\" style=\"text-align: left;\">Foam 20 kgs 1cm<\/div>\n<div class=\"intro\" style=\"text-align: left;\">TNT 30gr\/m2<br \/>\nCoxim Vico 50kg 4cm<br \/>\nTNT 30gr\/m2<br \/>\nFoam 20 kgs 1cm<br \/>\nStrech mesh TENCEL 280 gr\/m2<\/div>\n<p style=\"text-align: left;\">Medidas:<br \/>\n90&#215;190 cm<br \/>\n100&#215;200 cm<br \/>\n140&#215;190 cm<br \/>\n160&#215;200 cm<br \/>\n180&#215;200 cm<\/p>\n<p style=\"text-align: left;\">Produtos sujeitos a pequenas varia\u00e7\u00f5es de tamanho.<\/p>\n<\/div>\n<p class=\"intro\" style=\"text-align: left;\">Stock dispon\u00edvel no armaz\u00e9m do fornecedor<\/p>\n<div class=\"guide\">\n<p>&nbsp;<\/p>\n<p>&nbsp;<\/p>\n<\/div>\n<p>[\/vc_column_text][\/vc_tta_section][\/vc_tta_accordion][\/vc_column][\/vc_row][vc_row][vc_column][\/vc_column][\/vc_row]<\/p>\n","protected":false},"excerpt":{"rendered":"<p><strong>Com altura de 6 cm, mat\u00e9ria viscoel\u00e1stico. O melhor para complementar a dureza do seu colch\u00e3o.<br \/>\nAdapta-se \u00e1s formas do seu corpo para permitir relaxamento total dos m\u00fasculos e melhorar o seu descanso.<br \/>\nDensidade 50 Kg\/m2<br \/>\nVeja todas as restantes caracter\u00edsticas abaixo<br \/>\n<\/strong><\/p>\n<p><strong>Made in Portugal<\/strong><\/p>\n<h6><\/h6>\n","protected":false},"featured_media":13600,"comment_status":"open","ping_status":"closed","template":"","meta":[],"_links":{"self":[{"href":"https:\/\/teamstone.pt\/loja\/wp-json\/wp\/v2\/product\/13591"}],"collection":[{"href":"https:\/\/teamstone.pt\/loja\/wp-json\/wp\/v2\/product"}],"about":[{"href":"https:\/\/teamstone.pt\/loja\/wp-json\/wp\/v2\/types\/product"}],"replies":[{"embeddable":true,"href":"https:\/\/teamstone.pt\/loja\/wp-json\/wp\/v2\/comments?post=13591"}],"wp:featuredmedia":[{"embeddable":true,"href":"https:\/\/teamstone.pt\/loja\/wp-json\/wp\/v2\/media\/13600"}],"wp:attachment":[{"href":"https:\/\/teamstone.pt\/loja\/wp-json\/wp\/v2\/media?parent=13591"}],"curies":[{"name":"wp","href":"https:\/\/api.w.org\/{rel}","templated":true}]}}