{"id":12520,"date":"2021-06-29T14:20:46","date_gmt":"2021-06-29T14:20:46","guid":{"rendered":"https:\/\/teamstone.eu\/loja\/?post_type=product&#038;p=12520"},"modified":"2021-07-27T11:16:48","modified_gmt":"2021-07-27T11:16:48","slug":"hoodie-feminino-brandy-made-in-portugal-by-teamstone","status":"publish","type":"product","link":"https:\/\/teamstone.pt\/loja\/product\/hoodie-feminino-brandy-made-in-portugal-by-teamstone\/","title":{"rendered":"Hoodie feminino, Brandy"},"content":{"rendered":"<p>[vc_row][vc_column][vc_column_text]<\/p>\n<p style=\"text-align: left;\">[\/vc_column_text][\/vc_column][\/vc_row][vc_row content_placement=&#8221;top&#8221;][vc_column][vc_column_text]<\/p>\n<p style=\"text-align: left;\">Hoddie feminino em malha 100% sustent\u00e1vel, confecionado com algod\u00e3o e poli\u00e9ster reciclado.<\/p>\n<p style=\"text-align: left;\">O capuz forrado em ton sur ton. Cord\u00e3o ajust\u00e1vel e terminais em metal. Bolsos forma canguru. Punhos e base em elastano<\/p>\n<p style=\"text-align: left;\">Perfeito para a pr\u00e1tica desportiva, laser ou casual<\/p>\n<p style=\"text-align: left;\">A modelo tem 170 cm, e veste o tamanho S\/M.<\/p>\n<p style=\"text-align: left;\">Controle de confe\u00e7\u00e3o e qualidade<\/p>\n<p style=\"text-align: left;\">Fabricado em Portugal<\/p>\n<p style=\"text-align: left;\">Made in Portugal<\/p>\n<p style=\"text-align: left;\">Composi\u00e7\u00e3o &amp; Cuidados:<br \/>\n&#8211; 50% Algod\u00e3o Reciclado \/ 47% Poliester Reciclado R-PET \/ 3% Outras Fibras<br \/>\n&#8211; Lavar \u00e0 maquina at\u00e9 30 graus<br \/>\n&#8211; Lavar cores separadamente<br \/>\n&#8211; Lavar e passar a ferro do avesso<\/p>\n<p>[\/vc_column_text][vc_column_text]<\/p>\n<h5 style=\"text-align: center;\"><span style=\"color: #ff6600;\">No caso de este produto se encontrar ESGOTADO, contacte-nos atrav\u00e9s do email <a style=\"color: #ff6600;\" href=\"mailto:info@teamstone.eu\"><span style=\"color: #003366;\">info@teamstone.eu<\/span><\/a><\/span><\/h5>\n<p>[\/vc_column_text][vc_column_text]<\/p>\n<h6><img loading=\"lazy\" class=\"alignnone wp-image-2914 size-full\" src=\"https:\/\/teamstone.eu\/loja\/wp-content\/uploads\/2017\/06\/reciclavel.png\" alt=\"\" width=\"50\" height=\"47\" \/><strong>Artigo recicl\u00e1vel; em final de \u201cvida\u201d pode ser colocado num ponto de recolha<\/strong>.<\/h6>\n<p>[\/vc_column_text][\/vc_column][\/vc_row][vc_row el_id=&#8221;tamanhos&#8221;][vc_column][vc_empty_space height=&#8221;60px&#8221;][vc_tta_accordion style=&#8221;modern&#8221; active_section=&#8221;non-existing number&#8221; collapsible_all=&#8221;true&#8221;][vc_tta_section title=&#8221;CONSULTAR TABELA DE TAMANHOS&#8221; tab_id=&#8221;1524225399024-c7e87548-dfdd&#8221;][vc_column_text]<\/p>\n<div class=\"guide\">\n<p>&nbsp;<\/p>\n<p><img loading=\"lazy\" class=\"wp-image-12516 size-full\" src=\"https:\/\/teamstone.eu\/loja\/wp-content\/uploads\/2021\/06\/TABELA-DE-MEDIDAS-HOODIE-FEMENINO-PT.jpg\" alt=\"\" width=\"772\" height=\"321\" srcset=\"https:\/\/teamstone.pt\/loja\/wp-content\/uploads\/2021\/06\/TABELA-DE-MEDIDAS-HOODIE-FEMENINO-PT.jpg 772w, https:\/\/teamstone.pt\/loja\/wp-content\/uploads\/2021\/06\/TABELA-DE-MEDIDAS-HOODIE-FEMENINO-PT-300x125.jpg 300w, https:\/\/teamstone.pt\/loja\/wp-content\/uploads\/2021\/06\/TABELA-DE-MEDIDAS-HOODIE-FEMENINO-PT-100x42.jpg 100w, https:\/\/teamstone.pt\/loja\/wp-content\/uploads\/2021\/06\/TABELA-DE-MEDIDAS-HOODIE-FEMENINO-PT-768x319.jpg 768w, https:\/\/teamstone.pt\/loja\/wp-content\/uploads\/2021\/06\/TABELA-DE-MEDIDAS-HOODIE-FEMENINO-PT-600x249.jpg 600w, https:\/\/teamstone.pt\/loja\/wp-content\/uploads\/2021\/06\/TABELA-DE-MEDIDAS-HOODIE-FEMENINO-PT-700x291.jpg 700w\" sizes=\"(max-width: 772px) 100vw, 772px\" \/><\/p>\n<\/div>\n<p>[\/vc_column_text][\/vc_tta_section][\/vc_tta_accordion][\/vc_column][\/vc_row][vc_row][vc_column][\/vc_column][\/vc_row]<\/p>\n","protected":false},"excerpt":{"rendered":"<p><img loading=\"lazy\" class=\"wp-image-11703 size-full alignleft\" src=\"https:\/\/teamstone.eu\/loja\/wp-content\/uploads\/2021\/04\/FeelGreem.png\" alt=\"FeelGreen\" width=\"931\" height=\"78\" srcset=\"https:\/\/teamstone.pt\/loja\/wp-content\/uploads\/2021\/04\/FeelGreem.png 931w, https:\/\/teamstone.pt\/loja\/wp-content\/uploads\/2021\/04\/FeelGreem-300x25.png 300w, https:\/\/teamstone.pt\/loja\/wp-content\/uploads\/2021\/04\/FeelGreem-100x8.png 100w, https:\/\/teamstone.pt\/loja\/wp-content\/uploads\/2021\/04\/FeelGreem-768x64.png 768w, https:\/\/teamstone.pt\/loja\/wp-content\/uploads\/2021\/04\/FeelGreem-600x50.png 600w, https:\/\/teamstone.pt\/loja\/wp-content\/uploads\/2021\/04\/FeelGreem-700x59.png 700w\" sizes=\"(max-width: 931px) 100vw, 931px\" \/><\/p>\n<ul>\n<li style=\"text-align: left;\"><strong>Capuz forrado<\/strong><\/li>\n<li style=\"text-align: left;\"><strong>Cord\u00e3o ajust\u00e1vel<\/strong><\/li>\n<li style=\"text-align: left;\"><strong>Bolsos canguru<\/strong><\/li>\n<li style=\"text-align: left;\"><strong>Punhos elastano<\/strong><\/li>\n<li style=\"text-align: left;\"><strong>Base elastano<\/strong><\/li>\n<li style=\"text-align: left;\"><strong>Made\u00a0 in Portugal<\/strong><\/li>\n<li style=\"text-align: left;\"><a href=\"#tamanhos\" rel=\"noopener\"><strong>CONSULTAR TABELA DE TAMANHOS<\/strong><\/a><\/li>\n<\/ul>\n","protected":false},"featured_media":12529,"comment_status":"open","ping_status":"closed","template":"","meta":[],"_links":{"self":[{"href":"https:\/\/teamstone.pt\/loja\/wp-json\/wp\/v2\/product\/12520"}],"collection":[{"href":"https:\/\/teamstone.pt\/loja\/wp-json\/wp\/v2\/product"}],"about":[{"href":"https:\/\/teamstone.pt\/loja\/wp-json\/wp\/v2\/types\/product"}],"replies":[{"embeddable":true,"href":"https:\/\/teamstone.pt\/loja\/wp-json\/wp\/v2\/comments?post=12520"}],"wp:featuredmedia":[{"embeddable":true,"href":"https:\/\/teamstone.pt\/loja\/wp-json\/wp\/v2\/media\/12529"}],"wp:attachment":[{"href":"https:\/\/teamstone.pt\/loja\/wp-json\/wp\/v2\/media?parent=12520"}],"curies":[{"name":"wp","href":"https:\/\/api.w.org\/{rel}","templated":true}]}}