{"id":12133,"date":"2021-06-08T19:34:45","date_gmt":"2021-06-08T19:34:45","guid":{"rendered":"https:\/\/teamstone.eu\/loja\/?post_type=product&#038;p=12133"},"modified":"2021-07-27T11:23:00","modified_gmt":"2021-07-27T11:23:00","slug":"casaco-de-desporto-unisexo-brandy-made-in-portugal-by-teamstone","status":"publish","type":"product","link":"https:\/\/teamstone.pt\/loja\/product\/casaco-de-desporto-unisexo-brandy-made-in-portugal-by-teamstone\/","title":{"rendered":"Casaco de Desporto Unisexo, Brandy"},"content":{"rendered":"<p>[vc_row][vc_column][vc_column_text]<\/p>\n<p style=\"text-align: left;\">[\/vc_column_text][\/vc_column][\/vc_row][vc_row content_placement=&#8221;top&#8221;][vc_column][vc_column_text]<\/p>\n<p style=\"text-align: left;\">Casaco de Desporto Unisexo &#8211;\u00a0 JOGGING COMFORT AND STREEWEAR<\/p>\n<p style=\"text-align: left;\">Corte moderno, com capuz forrado, cord\u00e3o de aperto na mesma cor e rib canelado com elastano na base e nos punhos.<br \/>\nModelo preparado para todos os estilos. Com fecho, bolsos laterais. Todo o conforto, mobilidade e eleg\u00e2ncia numa s\u00f3 pe\u00e7a multiusos.<\/p>\n<p style=\"text-align: left;\">Nota importante: 100% ecol\u00f3gico. A Sustentabilidade \u00e9 o nosso objetivo comum. Junte-se a n\u00f3s.<\/p>\n<p style=\"text-align: left;\">A modelo tem 170 cm, e veste o tamanho L.<\/p>\n<p style=\"text-align: left;\">O modelo tem 180 cm e veste o tamanho XL<\/p>\n<p style=\"text-align: left;\">Controle de confe\u00e7\u00e3o e qualidade<\/p>\n<p style=\"text-align: left;\">Fabricado em Portugal<\/p>\n<p style=\"text-align: left;\">Made in Portugal<\/p>\n<p style=\"text-align: left;\">Composi\u00e7\u00e3o &amp; Cuidados:<br \/>\n&#8211; Casaco &#8211; 50% Algod\u00e3o Reciclado \/ 47% Poliester Reciclado R-PET \/ 3% Outras Fibras<br \/>\n&#8211; Lavar \u00e0 maquina at\u00e9 30 graus<br \/>\n&#8211; Lavar cores separadamente<br \/>\n&#8211; Lavar e passar a ferro do avesso<\/p>\n<p>[\/vc_column_text][vc_column_text]<\/p>\n<h5 style=\"text-align: center;\"><span style=\"color: #ff6600;\">No caso de este produto se encontrar ESGOTADO, contacte-nos atrav\u00e9s do email <a style=\"color: #ff6600;\" href=\"mailto:info@teamstone.eu\"><span style=\"color: #003366;\">info@teamstone.eu<\/span><\/a><\/span><\/h5>\n<p>[\/vc_column_text][vc_column_text]<\/p>\n<h6><img loading=\"lazy\" class=\"alignnone wp-image-2914 size-full\" src=\"https:\/\/teamstone.eu\/loja\/wp-content\/uploads\/2017\/06\/reciclavel.png\" alt=\"\" width=\"50\" height=\"47\" \/><strong>Artigo recicl\u00e1vel; em final de \u201cvida\u201d pode ser colocado num ponto de recolha<\/strong>.<\/h6>\n<p>[\/vc_column_text][\/vc_column][\/vc_row][vc_row el_id=&#8221;tamanhos&#8221;][vc_column][vc_empty_space height=&#8221;60px&#8221;][vc_tta_accordion style=&#8221;modern&#8221; active_section=&#8221;non-existing number&#8221; collapsible_all=&#8221;true&#8221;][vc_tta_section title=&#8221;CONSULTAR TABELA DE TAMANHOS&#8221; tab_id=&#8221;1524225399024-c7e87548-dfdd&#8221;][vc_column_text]<\/p>\n<div class=\"guide\">\n<p>&nbsp;<\/p>\n<p><img loading=\"lazy\" class=\"aligncenter wp-image-12148 size-full\" src=\"https:\/\/teamstone.eu\/loja\/wp-content\/uploads\/2021\/06\/TABELA-DE-MEDIDAS-CASACO-UNISEXO-PT.jpg\" alt=\"\" width=\"751\" height=\"386\" srcset=\"https:\/\/teamstone.pt\/loja\/wp-content\/uploads\/2021\/06\/TABELA-DE-MEDIDAS-CASACO-UNISEXO-PT.jpg 751w, https:\/\/teamstone.pt\/loja\/wp-content\/uploads\/2021\/06\/TABELA-DE-MEDIDAS-CASACO-UNISEXO-PT-300x154.jpg 300w, https:\/\/teamstone.pt\/loja\/wp-content\/uploads\/2021\/06\/TABELA-DE-MEDIDAS-CASACO-UNISEXO-PT-100x51.jpg 100w, https:\/\/teamstone.pt\/loja\/wp-content\/uploads\/2021\/06\/TABELA-DE-MEDIDAS-CASACO-UNISEXO-PT-600x308.jpg 600w, https:\/\/teamstone.pt\/loja\/wp-content\/uploads\/2021\/06\/TABELA-DE-MEDIDAS-CASACO-UNISEXO-PT-700x360.jpg 700w\" sizes=\"(max-width: 751px) 100vw, 751px\" \/><\/p>\n<\/div>\n<p>[\/vc_column_text][\/vc_tta_section][\/vc_tta_accordion][\/vc_column][\/vc_row][vc_row][vc_column][\/vc_column][\/vc_row]<\/p>\n","protected":false},"excerpt":{"rendered":"<p><img loading=\"lazy\" class=\"aligncenter wp-image-11703 size-full\" src=\"https:\/\/teamstone.eu\/loja\/wp-content\/uploads\/2021\/04\/FeelGreem.png\" alt=\"FeelGreen\" width=\"931\" height=\"78\" srcset=\"https:\/\/teamstone.pt\/loja\/wp-content\/uploads\/2021\/04\/FeelGreem.png 931w, https:\/\/teamstone.pt\/loja\/wp-content\/uploads\/2021\/04\/FeelGreem-300x25.png 300w, https:\/\/teamstone.pt\/loja\/wp-content\/uploads\/2021\/04\/FeelGreem-100x8.png 100w, https:\/\/teamstone.pt\/loja\/wp-content\/uploads\/2021\/04\/FeelGreem-768x64.png 768w, https:\/\/teamstone.pt\/loja\/wp-content\/uploads\/2021\/04\/FeelGreem-600x50.png 600w, https:\/\/teamstone.pt\/loja\/wp-content\/uploads\/2021\/04\/FeelGreem-700x59.png 700w\" sizes=\"(max-width: 931px) 100vw, 931px\" \/><\/p>\n<ul>\n<li style=\"text-align: left;\"><strong>\u00a0Casaco multiusos, 100% sustent\u00e1vel.<\/strong><\/li>\n<li style=\"text-align: left;\"><strong>Capuz forrado<\/strong><\/li>\n<li style=\"text-align: left;\"><strong>Cord\u00e3o de ajuste \u00e1 cor<\/strong><\/li>\n<li style=\"text-align: left;\"><strong>Fecho zip<\/strong><\/li>\n<li style=\"text-align: left;\"><strong>Bolsos frontais discretos<\/strong><\/li>\n<li style=\"text-align: left;\"><strong>Punhos e base canelados<\/strong><\/li>\n<li style=\"text-align: left;\"><strong>Bordado FeelGreen nas costas<\/strong><\/li>\n<li style=\"text-align: left;\"><strong>Made\u00a0 in Portugal<\/strong><\/li>\n<li style=\"text-align: left;\"><a href=\"#tamanhos\" rel=\"noopener\"><strong>CONSULTAR TABELA DE TAMANHOS<\/strong><\/a><\/li>\n<\/ul>\n","protected":false},"featured_media":12146,"comment_status":"open","ping_status":"closed","template":"","meta":[],"_links":{"self":[{"href":"https:\/\/teamstone.pt\/loja\/wp-json\/wp\/v2\/product\/12133"}],"collection":[{"href":"https:\/\/teamstone.pt\/loja\/wp-json\/wp\/v2\/product"}],"about":[{"href":"https:\/\/teamstone.pt\/loja\/wp-json\/wp\/v2\/types\/product"}],"replies":[{"embeddable":true,"href":"https:\/\/teamstone.pt\/loja\/wp-json\/wp\/v2\/comments?post=12133"}],"wp:featuredmedia":[{"embeddable":true,"href":"https:\/\/teamstone.pt\/loja\/wp-json\/wp\/v2\/media\/12146"}],"wp:attachment":[{"href":"https:\/\/teamstone.pt\/loja\/wp-json\/wp\/v2\/media?parent=12133"}],"curies":[{"name":"wp","href":"https:\/\/api.w.org\/{rel}","templated":true}]}}