{"id":12079,"date":"2021-06-01T10:02:17","date_gmt":"2021-06-01T10:02:17","guid":{"rendered":"https:\/\/teamstone.eu\/loja\/?post_type=product&#038;p=12079"},"modified":"2024-11-06T15:25:25","modified_gmt":"2024-11-06T15:25:25","slug":"toalha-de-praia-sustentavel-com-franja-nit-paja-made-in-portugal-by-teamstone","status":"publish","type":"product","link":"https:\/\/teamstone.pt\/loja\/product\/toalha-de-praia-sustentavel-com-franja-nit-paja-made-in-portugal-by-teamstone\/","title":{"rendered":"Toalha de praia sustent\u00e1vel com franja, Nit\/paja"},"content":{"rendered":"<p>[vc_row content_placement=&#8221;top&#8221;][vc_column][vc_column_text]<\/p>\n<p style=\"text-align: left;\">Toalha de praia com franja. Desenho floral em\u00a0 jacquard\u00a0 de alto e baixo relevo, produzida com fibras sustent\u00e1veis e recicladas\u00a0 e com processos com menor impacto no meio ambiente.\u00a0 As mat\u00e9rias primas prov\u00e9m de fontes\u00a0 sustent\u00e1veis. O algod\u00e3o \u00e9 reciclado ou produzido usando menos \u00e1gua, menos fertilizantes qu\u00edmicos e pesticidas.<\/p>\n<p style=\"text-align: left;\">Franja em algod\u00e3o reciclado.<\/p>\n<p style=\"text-align: left;\">Garantia de controle de qualidade.<br \/>\nFabricado em Portugal<br \/>\nMade in Portugal<\/p>\n<p>[\/vc_column_text][vc_column_text]<\/p>\n<h5 style=\"text-align: center;\"><span style=\"color: #ff6600;\">No caso de este produto estar ESGOTADO, contacte-nos atrav\u00e9s do email <a style=\"color: #ff6600;\" href=\"mailto:info@teamstone.eu\"><span style=\"color: #003366;\">info@teamstone.eu<\/span><\/a><\/span><\/h5>\n<p>[\/vc_column_text][vc_column_text]<\/p>\n<h6><img loading=\"lazy\" class=\"alignnone wp-image-2914 size-full\" src=\"https:\/\/teamstone.eu\/loja\/wp-content\/uploads\/2017\/06\/reciclavel.png\" alt=\"\" width=\"50\" height=\"47\" \/><strong>Artigo recicl\u00e1vel; em final de \u201cvida\u201d pode ser colocado num ponto de recolha<\/strong>.<\/h6>\n<p>[\/vc_column_text][\/vc_column][\/vc_row][vc_row el_id=&#8221;tamanhos&#8221;][vc_column][vc_empty_space height=&#8221;60px&#8221;][vc_tta_accordion style=&#8221;modern&#8221; active_section=&#8221;non-existing number&#8221; collapsible_all=&#8221;true&#8221;][vc_tta_section tab_id=&#8221;1524225399024-c7e87548-dfdd&#8221; title=&#8221;DETALHES&#8221;][vc_column_text]<\/p>\n<div class=\"guide\">\n<div class=\"intro\" style=\"text-align: left;\"><\/div>\n<div class=\"guide\" style=\"text-align: left;\">\n<p style=\"text-align: left;\">\u00a0Algod\u00e3o reciclado<br \/>\nMedida: 100&#215;200 cm<\/p>\n<p style=\"text-align: left;\">CUIDADOS<br \/>\nLavar a 30\u00b0C<br \/>\nN\u00e3o usar lix\u00edvia<br \/>\nSecar na m\u00e1quina usando o programa normal<\/p>\n<p style=\"text-align: left;\">Produtos sujeito a pequenas varia\u00e7\u00f5es de tamanho.<\/p>\n<\/div>\n<\/div>\n<div class=\"intro\" style=\"text-align: left;\">\n<p>Obs: Em stock entrega imediata. Sem stock, entrega 1 a 2 semanas<\/p>\n<\/div>\n<div class=\"guide\">\n<p>&nbsp;<\/p>\n<p>&nbsp;<\/p>\n<\/div>\n<p>[\/vc_column_text][\/vc_tta_section][\/vc_tta_accordion][\/vc_column][\/vc_row][vc_row][vc_column][\/vc_column][\/vc_row]<\/p>\n","protected":false},"excerpt":{"rendered":"<p><strong>Toalha de praia com franja, produzida com fibras sustent\u00e1veis e recicladas, e com processos com menor impacto no meio ambiente.\u00a0 As mat\u00e9rias primas prov\u00e9m de fontes\u00a0 sustent\u00e1veis. <\/strong><strong>O algod\u00e3o \u00e9 reciclado ou produzido usando menos \u00e1gua, menos fertilizantes qu\u00edmicos e pesticidas.\u00a0<\/strong><\/p>\n<h5>Made in Portugal<\/h5>\n","protected":false},"featured_media":12878,"comment_status":"open","ping_status":"closed","template":"","meta":[],"_links":{"self":[{"href":"https:\/\/teamstone.pt\/loja\/wp-json\/wp\/v2\/product\/12079"}],"collection":[{"href":"https:\/\/teamstone.pt\/loja\/wp-json\/wp\/v2\/product"}],"about":[{"href":"https:\/\/teamstone.pt\/loja\/wp-json\/wp\/v2\/types\/product"}],"replies":[{"embeddable":true,"href":"https:\/\/teamstone.pt\/loja\/wp-json\/wp\/v2\/comments?post=12079"}],"wp:featuredmedia":[{"embeddable":true,"href":"https:\/\/teamstone.pt\/loja\/wp-json\/wp\/v2\/media\/12878"}],"wp:attachment":[{"href":"https:\/\/teamstone.pt\/loja\/wp-json\/wp\/v2\/media?parent=12079"}],"curies":[{"name":"wp","href":"https:\/\/api.w.org\/{rel}","templated":true}]}}