{"id":11903,"date":"2025-04-01T16:35:29","date_gmt":"2025-04-01T16:35:29","guid":{"rendered":"https:\/\/teamstone.eu\/loja\/?post_type=product&#038;p=11903"},"modified":"2025-05-27T14:04:49","modified_gmt":"2025-05-27T14:04:49","slug":"camisa-de-dormir-alcas-estampado-floral","status":"publish","type":"product","link":"https:\/\/teamstone.pt\/loja\/product\/camisa-de-dormir-alcas-estampado-floral\/","title":{"rendered":"Camisa de dormir al\u00e7as, estampado floral"},"content":{"rendered":"<p>[vc_row][vc_column][vc_column_text]<\/p>\n<p style=\"text-align: left;\">[\/vc_column_text][\/vc_column][\/vc_row][vc_row content_placement=&#8221;top&#8221;][vc_column][vc_column_text]<\/p>\n<p style=\"text-align: left;\">Camisa de dormir de al\u00e7as finas pr\u00e1ticas e regul\u00e1veis, em malha jersey com estampado floral com toque macio, decote redondo com vivo contrastante, base direita.<\/p>\n<p style=\"text-align: left;\">Modelo desenhado para proporcionar mobilidade e conforto.<\/p>\n<p style=\"text-align: left;\">A modelo tem 170 cm, e veste o tamanho 42\/44.<\/p>\n<p style=\"text-align: left;\">Controle de confe\u00e7\u00e3o e qualidade<\/p>\n<p style=\"text-align: left;\">Fabricado em Portugal<\/p>\n<p style=\"text-align: left;\">Made in Portugal<\/p>\n<p style=\"text-align: left;\">Comprimento: aprox. 90 cm<\/p>\n<p style=\"text-align: left;\">Composi\u00e7\u00e3o &amp; Cuidados:<br \/>\n&#8211; Camisa de dormir em malha jersey<br \/>\n&#8211; Lavar \u00e0 maquina at\u00e9 30 graus<br \/>\n&#8211; Lavar cores separadamente<br \/>\n&#8211; Lavar e passar a ferro do avesso<\/p>\n<p>[\/vc_column_text][vc_column_text]<\/p>\n<h5 style=\"text-align: center;\"><span style=\"color: #ff6600;\">Campanha limitada ao stock existente.<\/span><\/h5>\n<p>[\/vc_column_text][vc_column_text]<\/p>\n<h6><img loading=\"lazy\" class=\"alignnone wp-image-2914 size-full\" src=\"https:\/\/teamstone.eu\/loja\/wp-content\/uploads\/2017\/06\/reciclavel.png\" alt=\"\" width=\"50\" height=\"47\" \/><strong>Artigo recicl\u00e1vel; em final de \u201cvida\u201d pode ser colocado num ponto de recolha<\/strong>.<\/h6>\n<p>[\/vc_column_text][\/vc_column][\/vc_row][vc_row el_id=&#8221;tamanhos&#8221;][vc_column][vc_empty_space height=&#8221;60px&#8221;][vc_tta_accordion style=&#8221;modern&#8221; active_section=&#8221;non-existing number&#8221; collapsible_all=&#8221;true&#8221;][vc_tta_section title=&#8221;CONSULTAR TABELA DE TAMANHOS&#8221; tab_id=&#8221;1524225399024-c7e87548-dfdd&#8221;][vc_column_text]<\/p>\n<div class=\"guide\">\n<p><img loading=\"lazy\" class=\"alignnone wp-image-8132 size-full\" src=\"https:\/\/teamstone.eu\/loja\/wp-content\/uploads\/2018\/09\/tabelas-de-medidas-tamanhos-grandes-38-40-ao-62-64.png\" alt=\"\" width=\"784\" height=\"602\" srcset=\"https:\/\/teamstone.pt\/loja\/wp-content\/uploads\/2018\/09\/tabelas-de-medidas-tamanhos-grandes-38-40-ao-62-64.png 784w, https:\/\/teamstone.pt\/loja\/wp-content\/uploads\/2018\/09\/tabelas-de-medidas-tamanhos-grandes-38-40-ao-62-64-300x230.png 300w, https:\/\/teamstone.pt\/loja\/wp-content\/uploads\/2018\/09\/tabelas-de-medidas-tamanhos-grandes-38-40-ao-62-64-100x77.png 100w, https:\/\/teamstone.pt\/loja\/wp-content\/uploads\/2018\/09\/tabelas-de-medidas-tamanhos-grandes-38-40-ao-62-64-768x590.png 768w, https:\/\/teamstone.pt\/loja\/wp-content\/uploads\/2018\/09\/tabelas-de-medidas-tamanhos-grandes-38-40-ao-62-64-600x461.png 600w, https:\/\/teamstone.pt\/loja\/wp-content\/uploads\/2018\/09\/tabelas-de-medidas-tamanhos-grandes-38-40-ao-62-64-700x538.png 700w\" sizes=\"(max-width: 784px) 100vw, 784px\" \/><\/p>\n<p>&nbsp;<\/p>\n<\/div>\n<p>[\/vc_column_text][\/vc_tta_section][\/vc_tta_accordion][\/vc_column][\/vc_row][vc_row][vc_column][\/vc_column][\/vc_row]<\/p>\n","protected":false},"excerpt":{"rendered":"<p><strong>Camisa de dormir de al\u00e7as finas pr\u00e1ticas e regul\u00e1veis, em malha jersey com estampado floral com toque macio, decote redondo com vivo contrastante, base direita. <\/strong><\/p>\n<p><strong> <b>Completa o teu homelook com a <a href=\"https:\/\/teamstone.pt\/loja\/product\/robe-estampado-floral-com-bolsos-made-in-portugal-by-teamstone\/\">robe<\/a> da mesma cole\u00e7\u00e3o.\u00a0<\/b><\/strong><\/p>\n<p><strong>Made in Portugal<\/strong><\/p>\n<h5><a href=\"#tamanhos\" rel=\"noopener\"><strong>CONSULTAR TABELA DE TAMANHOS <\/strong><\/a><\/h5>\n","protected":false},"featured_media":11907,"comment_status":"open","ping_status":"closed","template":"","meta":[],"_links":{"self":[{"href":"https:\/\/teamstone.pt\/loja\/wp-json\/wp\/v2\/product\/11903"}],"collection":[{"href":"https:\/\/teamstone.pt\/loja\/wp-json\/wp\/v2\/product"}],"about":[{"href":"https:\/\/teamstone.pt\/loja\/wp-json\/wp\/v2\/types\/product"}],"replies":[{"embeddable":true,"href":"https:\/\/teamstone.pt\/loja\/wp-json\/wp\/v2\/comments?post=11903"}],"wp:featuredmedia":[{"embeddable":true,"href":"https:\/\/teamstone.pt\/loja\/wp-json\/wp\/v2\/media\/11907"}],"wp:attachment":[{"href":"https:\/\/teamstone.pt\/loja\/wp-json\/wp\/v2\/media?parent=11903"}],"curies":[{"name":"wp","href":"https:\/\/api.w.org\/{rel}","templated":true}]}}