{"id":11669,"date":"2025-03-01T11:25:09","date_gmt":"2025-03-01T11:25:09","guid":{"rendered":"https:\/\/teamstone.eu\/loja\/?post_type=product&#038;p=11669"},"modified":"2025-05-27T11:36:24","modified_gmt":"2025-05-27T11:36:24","slug":"pijama-camiseiro-manga-curta-branco-estampado-marinho-made-in-portugal-by-teamstone","status":"publish","type":"product","link":"https:\/\/teamstone.pt\/loja\/product\/pijama-camiseiro-manga-curta-branco-estampado-marinho-made-in-portugal-by-teamstone\/","title":{"rendered":"Pijama camiseiro manga curta, Branco \/estampado marinho"},"content":{"rendered":"<p>[vc_row][vc_column][vc_column_text]<\/p>\n<p style=\"text-align: left;\">[\/vc_column_text][\/vc_column][\/vc_row][vc_row content_placement=&#8221;top&#8221;][vc_column][vc_column_text]<\/p>\n<p style=\"text-align: left;\">Conjunto de duas pe\u00e7as estampado p\u00e1ssaros, confort\u00e1vel e fresco. Formado por casaco modelo camiseiro de manga curta com carcela de 4 bot\u00f5es e vivo contrastante, cal\u00e7as compridas flu\u00eddas, vivo de cor contrastante na base e cintura el\u00e1stica. Qualidade e requinte de confe\u00e7\u00e3o.<\/p>\n<p style=\"text-align: left;\">Marca FeelGreen apresenta esta pe\u00e7a em telas 100% sustent\u00e1veis. Produzida atrav\u00e9s de fibras recicladas, 50% Algod\u00e3o Reciclado \/ 47% Poliester Reciclado R-PET \/ 3% Outras Fibras.<\/p>\n<p style=\"text-align: left;\">Ao adquirir este artigo pense no seu contributo para o nosso Ambiente. Pense FeelGreen &#8211; n\u00f3s contribu\u00edmos e agradecemos ao nosso Planeta.<\/p>\n<p style=\"text-align: left;\">A modelo tem 170 cm, e veste o tamanho 42\/44.<\/p>\n<p style=\"text-align: left;\">A modelo tem 168 cm, e veste o tamanho 34\/36.<\/p>\n<p style=\"text-align: left;\">Controle de confe\u00e7\u00e3o e qualidade<\/p>\n<p style=\"text-align: left;\">Fabricado em Portugal<\/p>\n<p style=\"text-align: left;\">Made in Portugal<\/p>\n<p style=\"text-align: left;\">Composi\u00e7\u00e3o &amp; Cuidados:<br \/>\n&#8211; Pijama &#8211; 50% Algod\u00e3o Reciclado \/ 47% Poliester Reciclado R-PET \/ 3% Outras Fibras<br \/>\n&#8211; Lavar \u00e0 maquina at\u00e9 30 graus<br \/>\n&#8211; Lavar cores separadamente<br \/>\n&#8211; Lavar e passar a ferro do avesso<\/p>\n<p>[\/vc_column_text][vc_column_text]<\/p>\n<h5 style=\"text-align: center;\"><span style=\"color: #ff6600;\">No caso de este produto se encontrar ESGOTADO, contacte-nos atrav\u00e9s do email <a style=\"color: #ff6600;\" href=\"mailto:info@teamstone.eu\"><span style=\"color: #003366;\">info@teamstone.eu<\/span><\/a><\/span><\/h5>\n<p>[\/vc_column_text][vc_column_text]<\/p>\n<h6><img loading=\"lazy\" class=\"alignnone wp-image-2914 size-full\" src=\"https:\/\/teamstone.eu\/loja\/wp-content\/uploads\/2017\/06\/reciclavel.png\" alt=\"\" width=\"50\" height=\"47\" \/><strong>Artigo recicl\u00e1vel; em final de \u201cvida\u201d pode ser colocado num ponto de recolha<\/strong>.<\/h6>\n<p>[\/vc_column_text][\/vc_column][\/vc_row][vc_row el_id=&#8221;tamanhos&#8221;][vc_column][vc_empty_space height=&#8221;60px&#8221;][vc_tta_accordion style=&#8221;modern&#8221; active_section=&#8221;non-existing number&#8221; collapsible_all=&#8221;true&#8221;][vc_tta_section title=&#8221;CONSULTAR TABELA DE TAMANHOS&#8221; tab_id=&#8221;1524225399024-c7e87548-dfdd&#8221;][vc_column_text]<\/p>\n<div class=\"guide\">\n<p><img loading=\"lazy\" class=\"alignnone wp-image-8132 size-full\" src=\"https:\/\/teamstone.eu\/loja\/wp-content\/uploads\/2018\/09\/tabelas-de-medidas-tamanhos-grandes-38-40-ao-62-64.png\" alt=\"\" width=\"784\" height=\"602\" srcset=\"https:\/\/teamstone.pt\/loja\/wp-content\/uploads\/2018\/09\/tabelas-de-medidas-tamanhos-grandes-38-40-ao-62-64.png 784w, https:\/\/teamstone.pt\/loja\/wp-content\/uploads\/2018\/09\/tabelas-de-medidas-tamanhos-grandes-38-40-ao-62-64-300x230.png 300w, https:\/\/teamstone.pt\/loja\/wp-content\/uploads\/2018\/09\/tabelas-de-medidas-tamanhos-grandes-38-40-ao-62-64-100x77.png 100w, https:\/\/teamstone.pt\/loja\/wp-content\/uploads\/2018\/09\/tabelas-de-medidas-tamanhos-grandes-38-40-ao-62-64-768x590.png 768w, https:\/\/teamstone.pt\/loja\/wp-content\/uploads\/2018\/09\/tabelas-de-medidas-tamanhos-grandes-38-40-ao-62-64-600x461.png 600w, https:\/\/teamstone.pt\/loja\/wp-content\/uploads\/2018\/09\/tabelas-de-medidas-tamanhos-grandes-38-40-ao-62-64-700x538.png 700w\" sizes=\"(max-width: 784px) 100vw, 784px\" \/><\/p>\n<p>&nbsp;<\/p>\n<\/div>\n<p>[\/vc_column_text][\/vc_tta_section][\/vc_tta_accordion][\/vc_column][\/vc_row][vc_row][vc_column][\/vc_column][\/vc_row]<\/p>\n","protected":false},"excerpt":{"rendered":"[caption id=\"attachment_11703\" align=\"alignnone\" width=\"931\"]<img loading=\"lazy\" class=\"wp-image-11703 size-full\" src=\"https:\/\/teamstone.eu\/loja\/wp-content\/uploads\/2021\/04\/FeelGreem.png\" alt=\"FeelGreen\" width=\"931\" height=\"78\" srcset=\"https:\/\/teamstone.pt\/loja\/wp-content\/uploads\/2021\/04\/FeelGreem.png 931w, https:\/\/teamstone.pt\/loja\/wp-content\/uploads\/2021\/04\/FeelGreem-300x25.png 300w, https:\/\/teamstone.pt\/loja\/wp-content\/uploads\/2021\/04\/FeelGreem-100x8.png 100w, https:\/\/teamstone.pt\/loja\/wp-content\/uploads\/2021\/04\/FeelGreem-768x64.png 768w, https:\/\/teamstone.pt\/loja\/wp-content\/uploads\/2021\/04\/FeelGreem-600x50.png 600w, https:\/\/teamstone.pt\/loja\/wp-content\/uploads\/2021\/04\/FeelGreem-700x59.png 700w\" sizes=\"(max-width: 931px) 100vw, 931px\" \/> <strong style=\"font-size: 16px;\">Conjunto de duas pe\u00e7as estampado p\u00e1ssaros, confort\u00e1vel e fresco. Formado por casaco modelo camiseiro de manga curta com carcela de 4 bot\u00f5es e vivo contrastante, cal\u00e7as compridas flu\u00eddas, vivo de cor contrastante na base e cintura el\u00e1stica.\u00a0<\/strong>[\/caption]\n<p><strong>Made in Portugal<\/strong><\/p>\n<h5><a href=\"#tamanhos\" rel=\"noopener\"><strong>CONSULTAR TABELA DE TAMANHOS <\/strong><\/a><\/h5>\n","protected":false},"featured_media":11966,"comment_status":"open","ping_status":"closed","template":"","meta":[],"_links":{"self":[{"href":"https:\/\/teamstone.pt\/loja\/wp-json\/wp\/v2\/product\/11669"}],"collection":[{"href":"https:\/\/teamstone.pt\/loja\/wp-json\/wp\/v2\/product"}],"about":[{"href":"https:\/\/teamstone.pt\/loja\/wp-json\/wp\/v2\/types\/product"}],"replies":[{"embeddable":true,"href":"https:\/\/teamstone.pt\/loja\/wp-json\/wp\/v2\/comments?post=11669"}],"wp:featuredmedia":[{"embeddable":true,"href":"https:\/\/teamstone.pt\/loja\/wp-json\/wp\/v2\/media\/11966"}],"wp:attachment":[{"href":"https:\/\/teamstone.pt\/loja\/wp-json\/wp\/v2\/media?parent=11669"}],"curies":[{"name":"wp","href":"https:\/\/api.w.org\/{rel}","templated":true}]}}